{"id":196,"date":"2022-11-22T18:11:27","date_gmt":"2022-11-22T18:11:27","guid":{"rendered":"http:\/\/www.benalmadenaasesores.es\/?page_id=196"},"modified":"2022-11-24T15:51:47","modified_gmt":"2022-11-24T15:51:47","slug":"inicio","status":"publish","type":"page","link":"https:\/\/benalmadenaasesores.es\/","title":{"rendered":"Inicio"},"content":{"rendered":"\n<p><strong>Mas de 3.000 expedientes de extranjeros tramitados hasta mayo de 2022<\/strong><\/p>\n\n\n\n<p><\/p>\n\n\n\n<p class=\"has-tertiary-color has-primary-background-color has-text-color has-background has-small-font-size coblocks-animate\" style=\"padding-top:var(--wp--preset--spacing--40);padding-right:var(--wp--preset--spacing--40);padding-bottom:var(--wp--preset--spacing--40);padding-left:var(--wp--preset--spacing--40)\" data-coblocks-animation=\"slideInLeft\"><strong>SOMOS COLABORADORES OFICIALES ACREDITADOS POR LA ADMINISTRACI\u00d3N<\/strong><\/p>\n\n\n\n<p><\/p>\n\n\n\n<p class=\"coblocks-animate\" data-coblocks-animation=\"slideInBottom\">D\u00cdGANOS QUE DESTINO HA ELEGIDO EN ESPA\u00d1A Y LE AYUDAREMOS A QUE ESTE PA\u00cdS SEA SU NUEVO HOGAR<\/p>\n\n\n\n<p class=\"coblocks-animate\" data-coblocks-animation=\"slideInBottom\">PODEMOS OBTENER EL MEJOR &nbsp;VISADO O RESIDENCIA QUE MEJOR SE ADAPTE A SUS NECESIDADES PARA QUE PODER VIVIR, ESTUDIAR O TRABAJAR CON SU FAMILIA.<\/p>\n\n\n\n<p class=\"coblocks-animate\" data-coblocks-animation=\"slideInBottom\">SEREMOS COMO UN GU\u00cdA QUE IR\u00c1 INFORMANDO CON TODO DETALLE DE LO QUE NECESITA PARA PODER OBTENER LA RESIDENCIA, CON EL MENOR COSTE PARA EL CLIENTE. YA QUE LA MAYOR PARTE DE NUESTROS TRAMITES SON TELEMATICOS.<\/p>\n\n\n\n<p><\/p>\n","protected":false},"excerpt":{"rendered":"<p>Mas de 3.000 expedientes de extranjeros tramitados hasta mayo de 2022 SOMOS COLABORADORES OFICIALES ACREDITADOS POR LA ADMINISTRACI\u00d3N D\u00cdGANOS QUE DESTINO HA ELEGIDO EN ESPA\u00d1A Y LE AYUDAREMOS A QUE ESTE PA\u00cdS SEA SU NUEVO HOGAR PODEMOS OBTENER EL MEJOR &nbsp;VISADO O RESIDENCIA QUE MEJOR SE ADAPTE A SUS NECESIDADES PARA QUE PODER VIVIR, ESTUDIAR [&hellip;]<\/p>\n","protected":false},"author":1,"featured_media":0,"parent":0,"menu_order":0,"comment_status":"closed","ping_status":"closed","template":"","meta":{"hide_page_title":"","_coblocks_attr":"HelveticaCormorant Garamond,Abril Fatface,Times New Roman,","_coblocks_dimensions":"","_coblocks_responsive_height":"","_coblocks_accordion_ie_support":"","footnotes":""},"class_list":["post-196","page","type-page","status-publish","hentry"],"_links":{"self":[{"href":"https:\/\/benalmadenaasesores.es\/index.php?rest_route=\/wp\/v2\/pages\/196","targetHints":{"allow":["GET"]}}],"collection":[{"href":"https:\/\/benalmadenaasesores.es\/index.php?rest_route=\/wp\/v2\/pages"}],"about":[{"href":"https:\/\/benalmadenaasesores.es\/index.php?rest_route=\/wp\/v2\/types\/page"}],"author":[{"embeddable":true,"href":"https:\/\/benalmadenaasesores.es\/index.php?rest_route=\/wp\/v2\/users\/1"}],"replies":[{"embeddable":true,"href":"https:\/\/benalmadenaasesores.es\/index.php?rest_route=%2Fwp%2Fv2%2Fcomments&post=196"}],"version-history":[{"count":13,"href":"https:\/\/benalmadenaasesores.es\/index.php?rest_route=\/wp\/v2\/pages\/196\/revisions"}],"predecessor-version":[{"id":396,"href":"https:\/\/benalmadenaasesores.es\/index.php?rest_route=\/wp\/v2\/pages\/196\/revisions\/396"}],"wp:attachment":[{"href":"https:\/\/benalmadenaasesores.es\/index.php?rest_route=%2Fwp%2Fv2%2Fmedia&parent=196"}],"curies":[{"name":"wp","href":"https:\/\/api.w.org\/{rel}","templated":true}]}}