{"id":283,"date":"2022-11-23T17:09:05","date_gmt":"2022-11-23T17:09:05","guid":{"rendered":"http:\/\/www.benalmadenaasesores.es\/?page_id=283"},"modified":"2022-11-24T15:11:43","modified_gmt":"2022-11-24T15:11:43","slug":"van-phong-cua-chung-toi","status":"publish","type":"page","link":"https:\/\/benalmadenaasesores.es\/?page_id=283&lang=vi","title":{"rendered":"<strong>V\u0102N PH\u00d2NG C\u1ee6A CH\u00daNG T\u00d4I<\/strong>"},"content":{"rendered":"\n<p><strong>BENALMADENA ASESORES<\/strong> \u0111\u00e3 t\u01b0 v\u1ea5n cho kh\u00e1ch h\u00e0ng v\u1ec1 c\u00e1c v\u1ea5n \u0111\u1ec1 nh\u01b0: Lu\u1eadt B\u1ea5t \u0111\u1ed9ng s\u1ea3n, Lu\u1eadt Nh\u1eadp c\u01b0, Lu\u1eadt Th\u01b0\u01a1ng m\u1ea1i, Lu\u1eadt H\u00e0nh ch\u00ednh v\u00e0 Lu\u1eadt D\u00e2n s\u1ef1 trong h\u01a1n 20 n\u0103m qua. Ch\u00fang t\u00f4i c\u00f3 b\u1ec1 d\u00e0y kinh nghi\u1ec7m trong c\u00e1c l\u0129nh v\u1ef1c n\u00e0y.<\/p>\n\n\n\n<p>V\u1edbi kinh nghi\u1ec7m l\u00e2u n\u0103m trong c\u00e1c l\u0129nh v\u1ef1c tr\u00ean c\u00f9ng v\u1edbi cam k\u1ebft tuy\u1ec7t \u0111\u1ed1i v\u1edbi kh\u00e1ch h\u00e0ng, ch\u00fang t\u00f4i lu\u00f4n duy tr\u00ec m\u1ed1i quan h\u1ec7 \u0111\u01b0\u1ee3c c\u00e1 nh\u00e2n h\u00f3a v\u00e0 t\u00edn nhi\u1ec7m, song song v\u1edbi vi\u1ec7c t\u01b0 v\u1ea5n v\u00e0 cung c\u1ea5p th\u00f4ng tin thi\u1ebft th\u1ef1c cho kh\u00e1ch h\u00e0ng v\u1ec1 c\u00e1c v\u1ea5n \u0111\u1ec1 ph\u00e1t sinh.<\/p>\n\n\n\n<p>V\u1ec1 c\u00e1c v\u1ea5n \u0111\u1ec1 nh\u01b0 Lu\u1eadt Di tr\u00fa, ch\u00fang t\u00f4i s\u1ebd h\u1ed7 tr\u1ee3 n\u1ebfu b\u1ea1n mong mu\u1ed1n c\u00f3 \u0111\u01b0\u1ee3c lo\u1ea1i th\u1ebb c\u01b0 tr\u00fa d\u01b0\u1edbi d\u1ea1ng nh\u00e0 \u0111\u1ea7u t\u01b0 c\u00f3 t\u00ean g\u1ecdi l\u00e0 \u00abTh\u1ecb th\u1ef1c V\u00e0ng\u00bb c\u1ea5p cho b\u1ea1n v\u00e0 gia \u0111\u00ecnh c\u1ee7a b\u1ea1n, v\u00e0 b\u1ea1n c\u1ea7n ch\u00fang t\u00f4i t\u01b0 v\u1ea5n v\u1ec1 c\u00e1c v\u1ea5n \u0111\u1ec1: nh\u1eefng y\u00eau c\u1ea7u ph\u1ea3i \u0111\u00e1p \u1ee9ng \u0111\u1ec3 c\u00f3 \u0111\u01b0\u1ee3c th\u1ebb c\u01b0 tr\u00fa n\u00e0y, nh\u1eefng lo\u1ea1i thu\u1ebf g\u00ec c\u1ea7n ph\u1ea3i k\u00ea khai v\u00e0 ph\u1ea3i n\u1ed9p thu\u1ebf bao nhi\u00eau khi khai b\u00e1o thu\u1ebf. Ch\u00fang t\u00f4i th\u1ef1c hi\u1ec7n t\u1ea5t c\u1ea3 c\u00e1c lo\u1ea1i \u0111\u01a1n xin th\u01b0\u1eddng tr\u00fa, t\u1ea1m tr\u00fa v\u00e0 qu\u1ed1c t\u1ecbch li\u00ean quan: ngu\u1ed3n g\u1ed1c x\u00e3 h\u1ed9i, ngu\u1ed3n g\u1ed1c lao \u0111\u1ed9ng, ngu\u1ed3n g\u1ed1c gia \u0111\u00ecnh, ngu\u1ed3n g\u1ed1c v\u00ec l\u00fd do nh\u00e2n \u0111\u1ea1o, \u0111\u0103ng k\u00fd v\u00e0 gia h\u1ea1n th\u1ebb c\u00f4ng d\u00e2n, \u0111\u0103ng k\u00fd s\u1eeda \u0111\u1ed5i, gia h\u1ea1n th\u1ebb lao \u0111\u1ed9ng cho nh\u00e2n vi\u00ean l\u00e0m vi\u1ec7c t\u1eeb xa, \u0111o\u00e0n t\u1ee5 gia \u0111\u00ecnh, \u0111\u01a1n xin c\u1ea5p th\u01b0 m\u1eddi th\u0103m th\u00e2n nh\u00e2n, \u0111\u01a1n xin c\u1ea5p gi\u1ea5y \u1ee7y quy\u1ec1n quay l\u1ea1i T\u00e2y Ban Nha, v.v.<\/p>\n\n\n\n<p>C\u00e1c v\u1ea5n \u0111\u1ec1 kh\u00e1c nh\u01b0 Lu\u1eadt D\u00e2n s\u1ef1 v\u1ec1 tr\u00e1ch nhi\u1ec7m ph\u00e1p l\u00fd nh\u01b0:<\/p>\n\n\n\n<p>&#8211; Kh\u00e1ch h\u00e0ng c\u1ee7a ch\u00fang t\u00f4i g\u1eb7p tai n\u1ea1n v\u00e0 mu\u1ed1n y\u00eau c\u1ea7u \u0111\u01b0\u1ee3c b\u1ed3i th\u01b0\u1eddng, v\u00e0 mu\u1ed1n bi\u1ebft c\u1ea7n ph\u1ea3i l\u00e0m g\u00ec<\/p>\n\n\n\n<p>&#8211; Kh\u00e1ch h\u00e0ng c\u00f3 m\u1ed9t t\u00e0i s\u1ea3n s\u1ebd \u0111\u01b0\u1ee3c th\u1eeba k\u1ebf v\u00e0 mu\u1ed1n bi\u1ebft c\u1ea7n ph\u1ea3i l\u00e0m nh\u1eefng th\u1ee7 t\u1ee5c g\u00ec n\u1ebfu mu\u1ed1n nh\u1eadn hay t\u1eeb ch\u1ed1i t\u00e0i s\u1ea3n th\u1eeba k\u1ebf \u0111\u00f3<\/p>\n\n\n\n<p>&#8211; Kh\u00e1ch h\u00e0ng c\u1ea7n \u0111\u00f2i m\u1ed9t kho\u1ea3n n\u1ee3 kho\u1ea3n n\u1ee3 \u0111\u00e3 cho ng\u01b0\u1eddi kh\u00e1c vay, v.v..<\/p>\n\n\n\n<p>\u0110\u1ed1i v\u1edbi t\u1ea5t c\u1ea3 nh\u1eefng v\u1ea5n \u0111\u1ec1 tr\u00ean, ch\u00fang t\u00f4i s\u1ebd \u0111\u01b0a ra gi\u1ea3i ph\u00e1p h\u1eefu hi\u1ec7u \u0111\u1ea3m b\u1ea3o mang mang \u0111\u1ebfn s\u1ef1 h\u00e0i l\u00f2ng cho kh\u00e1ch h\u00e0ng.<\/p>\n\n\n\n<p>V\u1ec1 v\u1ea5n \u0111\u1ec1 Lu\u1eadt Th\u01b0\u01a1ng m\u1ea1i, ch\u00fang t\u00f4i c\u00f3 th\u1ec3 t\u01b0 v\u1ea5n cho b\u1ea1n t\u00ecm hi\u1ec3u v\u1ec1 lo\u1ea1i h\u00ecnh c\u00f4ng ty m\u00e0 b\u1ea1n quan t\u00e2m nh\u1ea5t, nh\u1eefng gi\u1ea5y t\u1edd c\u1ea7n ph\u1ea3i xu\u1ea5t tr\u00ecnh t\u1ea1i Ph\u00f2ng C\u00f4ng ch\u1ee9ng \u0111\u1ec3 c\u00f3 th\u1ec3 th\u00e0nh l\u1eadp c\u00f4ng ty v\u00e0 c\u00e1c lo\u1ea1i thu\u1ebf n\u00e0o c\u1ea7n ph\u1ea3i \u0111\u00f3ng, c\u00e1ch th\u1ee9c l\u1eadp \u0111i\u1ec1u l\u1ec7 c\u00f4ng ty, v.v.<\/p>\n\n\n\n<p>V\u1ec1 Lu\u1eadt Nh\u00e0 \u0110\u1ea5t, ch\u00fang t\u00f4i s\u1ebd t\u01b0 v\u1ea5n cho b\u1ea1n v\u00e0 h\u1ee3p th\u1ee9c h\u00f3a t\u1ea5t c\u1ea3 c\u00e1c gi\u1ea5y t\u1edd c\u1ea7n thi\u1ebft (h\u1ee3p \u0111\u1ed3ng \u0111\u1eb7t c\u1ecdc, giao k\u1ebft, k\u00fd c\u01b0\u1ee3c, v.v.) \u0111\u1ec3 c\u00f3 th\u1ec3 l\u00e0m c\u00f4ng ch\u1ee9ng mua b\u00e1n nh\u00e0 \u0111\u1ea5t v\u00e0 ch\u00fang t\u00f4i s\u1ebd \u0111i k\u00e8m c\u00f9ng b\u1ea1n trong su\u1ed1t qu\u00e1 tr\u00ecnh k\u00fd k\u1ebft h\u1ee3p \u0111\u1ed3ng. Ti\u1ebfp \u0111\u1ebfn, m\u1ed9t khi h\u1ee3p \u0111\u1ed3ng mua b\u00e1n \u0111\u00e3 ho\u00e0n t\u1ea5t, ch\u00fang t\u00f4i s\u1ebd th\u1ef1c hi\u1ec7n t\u1ea5t c\u1ea3 c\u00e1c c\u00f4ng vi\u1ec7c c\u1ea7n thi\u1ebft \u0111\u1ec3 chuy\u1ec3n \u0111\u1ed5i ngu\u1ed3n cung c\u1ea5p: n\u01b0\u1edbc, \u0111i\u1ec7n, \u0111i\u1ec7n tho\u1ea1i, v.v. v\u00e0 \u0111\u1ecba ch\u1ec9 ng\u00e2n h\u00e0ng c\u1ee7a b\u1ea1n.<\/p>\n\n\n\n<p>Ch\u00fang t\u00f4i cung c\u1ea5p t\u1ea5t c\u1ea3 d\u1ecbch v\u1ee5 tr\u00ean t\u1eeb v\u0103n ph\u00f2ng c\u1ee7a ch\u00fang t\u00f4i \u1edf Torremolinos, n\u01a1i b\u1ea1n s\u1ebd \u0111\u01b0\u1ee3c h\u1ed7 tr\u1ee3 v\u00e0 l\u00e0 n\u01a1i m\u00e0 b\u1ea1n c\u00f3 th\u1ec3 li\u00ean h\u1ec7 b\u1eb1ng \u0111i\u1ec7n tho\u1ea1i ho\u1eb7c th\u00f4ng qua trang web c\u1ee7a ch\u00fang t\u00f4i \u0111\u1ec3 s\u1eafp x\u1ebfp cu\u1ed9c h\u1eb9n.<\/p>\n\n\n\n<p>Ch\u00fang t\u00f4i bi\u1ebft r\u1eb1ng ng\u00e0y nay th\u1ebf gi\u1edbi kh\u00f4ng c\u00f2n r\u00e0o c\u1ea3n v\u00e0 \u0111\u00f3 l\u00e0 l\u00fd do t\u1ea1i sao ch\u00fang t\u00f4i n\u1ed7 l\u1ef1c l\u00e0m vi\u1ec7c v\u00e0 cung c\u1ea5p d\u1ecbch v\u1ee5 trong v\u00e0 ngo\u00e0i n\u01b0\u1edbc T\u00e2y Ban Nha cho nh\u1eefng kh\u00e1ch h\u00e0ng c\u00f3 nhu c\u1ea7u v\u00e0 y\u00eau c\u1ea7u ch\u00fang t\u00f4i t\u01b0 v\u1ea5n \u0111\u1ec3 b\u1ea3o v\u1ec7 l\u1ee3i \u00edch t\u1ed1i \u0111a cho m\u00ecnh.<\/p>\n\n\n<div class=\"wp-block-image\">\n<figure class=\"aligncenter size-large is-resized\"><img loading=\"lazy\" decoding=\"async\" src=\"http:\/\/www.benalmadenaasesores.es\/wp-content\/uploads\/2022\/11\/fachada-2-1024x768.jpg\" alt=\"\" class=\"wp-image-240\" width=\"535\" height=\"401\" srcset=\"https:\/\/benalmadenaasesores.es\/wp-content\/uploads\/2022\/11\/fachada-2-1024x768.jpg 1024w, https:\/\/benalmadenaasesores.es\/wp-content\/uploads\/2022\/11\/fachada-2-300x225.jpg 300w, https:\/\/benalmadenaasesores.es\/wp-content\/uploads\/2022\/11\/fachada-2-768x576.jpg 768w, https:\/\/benalmadenaasesores.es\/wp-content\/uploads\/2022\/11\/fachada-2-1536x1152.jpg 1536w, https:\/\/benalmadenaasesores.es\/wp-content\/uploads\/2022\/11\/fachada-2.jpg 2016w\" sizes=\"auto, (max-width: 535px) 100vw, 535px\" \/><\/figure>\n<\/div>\n\n\n<p>B\u1ea1n c\u00f3 th\u1ec3 y\u00eau c\u1ea7u cung c\u1ea5p th\u00f4ng tin b\u1eb1ng c\u00e1ch \u0111i\u1ec1n v\u00e0o d\u1eef li\u1ec7u d\u01b0\u1edbi \u0111\u00e2y:<\/p>\n\n\n\n<div class=\"wp-block-contact-form-7-contact-form-selector\"><div role=\"form\" class=\"wpcf7\" id=\"wpcf7-f361-o1\" lang=\"es-ES\" dir=\"ltr\">\n<div class=\"screen-reader-response\"><p role=\"status\" aria-live=\"polite\" aria-atomic=\"true\"><\/p> <ul><\/ul><\/div>\n<form action=\"\/index.php?rest_route=%2Fwp%2Fv2%2Fpages%2F283#wpcf7-f361-o1\" method=\"post\" class=\"wpcf7-form init\" novalidate=\"novalidate\" data-status=\"init\">\n<div style=\"display: none;\">\n<input type=\"hidden\" name=\"_wpcf7\" value=\"361\" \/>\n<input type=\"hidden\" name=\"_wpcf7_version\" value=\"5.6.4\" \/>\n<input type=\"hidden\" name=\"_wpcf7_locale\" value=\"es_ES\" \/>\n<input type=\"hidden\" name=\"_wpcf7_unit_tag\" value=\"wpcf7-f361-o1\" \/>\n<input type=\"hidden\" name=\"_wpcf7_container_post\" value=\"0\" \/>\n<input type=\"hidden\" name=\"_wpcf7_posted_data_hash\" value=\"\" \/>\n<\/div>\n<p><label> T\u00ean:<br \/>\n    <span class=\"wpcf7-form-control-wrap\" data-name=\"your-name\"><input type=\"text\" name=\"your-name\" value=\"\" size=\"40\" class=\"wpcf7-form-control wpcf7-text wpcf7-validates-as-required\" aria-required=\"true\" aria-invalid=\"false\" \/><\/span> <\/label><\/p>\n<p><label> \u0110\u1ecba ch\u1ec9:<br \/>\n    <span class=\"wpcf7-form-control-wrap\" data-name=\"direccion\"><input type=\"text\" name=\"direccion\" value=\"\" size=\"40\" class=\"wpcf7-form-control wpcf7-text wpcf7-validates-as-required\" aria-required=\"true\" aria-invalid=\"false\" \/><\/span> <\/label><\/p>\n<p><label> Email:<br \/>\n    <span class=\"wpcf7-form-control-wrap\" data-name=\"your-email\"><input type=\"email\" name=\"your-email\" value=\"\" size=\"40\" class=\"wpcf7-form-control wpcf7-text wpcf7-email wpcf7-validates-as-required wpcf7-validates-as-email\" aria-required=\"true\" aria-invalid=\"false\" \/><\/span> <\/label><\/p>\n<p><label> Th\u00f4ng tin c\u1ea7n t\u01b0 v\u1ea5n :<br \/>\n    <span class=\"wpcf7-form-control-wrap\" data-name=\"your-message\"><textarea name=\"your-message\" cols=\"40\" rows=\"10\" class=\"wpcf7-form-control wpcf7-textarea\" aria-invalid=\"false\"><\/textarea><\/span> <\/label><\/p>\n<p>T\u00f4i ch\u1ea5p nh\u1eadn th\u00f4ng b\u00e1o ph\u00e1p l\u00fd\/ch\u00ednh s\u00e1ch b\u1ea3o m\u1eadt<\/p>\n<p><input type=\"submit\" value=\"G\u1eedi y\u00eau c\u1ea7u t\u01b0 v\u1ea5n\" class=\"wpcf7-form-control has-spinner wpcf7-submit\" \/><\/p>\n<div class=\"wpcf7-response-output\" aria-hidden=\"true\"><\/div><\/form><\/div><\/div>\n","protected":false},"excerpt":{"rendered":"<p>BENALMADENA ASESORES \u0111\u00e3 t\u01b0 v\u1ea5n cho kh\u00e1ch h\u00e0ng v\u1ec1 c\u00e1c v\u1ea5n \u0111\u1ec1 nh\u01b0: Lu\u1eadt B\u1ea5t \u0111\u1ed9ng s\u1ea3n, Lu\u1eadt Nh\u1eadp c\u01b0, Lu\u1eadt Th\u01b0\u01a1ng m\u1ea1i, Lu\u1eadt H\u00e0nh ch\u00ednh v\u00e0 Lu\u1eadt D\u00e2n s\u1ef1 trong h\u01a1n 20 n\u0103m qua. Ch\u00fang t\u00f4i c\u00f3 b\u1ec1 d\u00e0y kinh nghi\u1ec7m trong c\u00e1c l\u0129nh v\u1ef1c n\u00e0y. V\u1edbi kinh nghi\u1ec7m l\u00e2u n\u0103m trong c\u00e1c l\u0129nh [&hellip;]<\/p>\n","protected":false},"author":1,"featured_media":0,"parent":0,"menu_order":0,"comment_status":"closed","ping_status":"closed","template":"","meta":{"hide_page_title":"","_coblocks_attr":"","_coblocks_dimensions":"","_coblocks_responsive_height":"","_coblocks_accordion_ie_support":"","footnotes":""},"class_list":["post-283","page","type-page","status-publish","hentry"],"_links":{"self":[{"href":"https:\/\/benalmadenaasesores.es\/index.php?rest_route=\/wp\/v2\/pages\/283","targetHints":{"allow":["GET"]}}],"collection":[{"href":"https:\/\/benalmadenaasesores.es\/index.php?rest_route=\/wp\/v2\/pages"}],"about":[{"href":"https:\/\/benalmadenaasesores.es\/index.php?rest_route=\/wp\/v2\/types\/page"}],"author":[{"embeddable":true,"href":"https:\/\/benalmadenaasesores.es\/index.php?rest_route=\/wp\/v2\/users\/1"}],"replies":[{"embeddable":true,"href":"https:\/\/benalmadenaasesores.es\/index.php?rest_route=%2Fwp%2Fv2%2Fcomments&post=283"}],"version-history":[{"count":3,"href":"https:\/\/benalmadenaasesores.es\/index.php?rest_route=\/wp\/v2\/pages\/283\/revisions"}],"predecessor-version":[{"id":371,"href":"https:\/\/benalmadenaasesores.es\/index.php?rest_route=\/wp\/v2\/pages\/283\/revisions\/371"}],"wp:attachment":[{"href":"https:\/\/benalmadenaasesores.es\/index.php?rest_route=%2Fwp%2Fv2%2Fmedia&parent=283"}],"curies":[{"name":"wp","href":"https:\/\/api.w.org\/{rel}","templated":true}]}}