{"id":287,"date":"2022-11-23T17:10:30","date_gmt":"2022-11-23T17:10:30","guid":{"rendered":"http:\/\/www.benalmadenaasesores.es\/?page_id=287"},"modified":"2022-11-24T15:12:51","modified_gmt":"2022-11-24T15:12:51","slug":"luat-thuong-mai","status":"publish","type":"page","link":"https:\/\/benalmadenaasesores.es\/?page_id=287&lang=vi","title":{"rendered":"<strong>LU\u1eacT TH\u01af\u01a0NG M\u1ea0I<\/strong>"},"content":{"rendered":"\n<p>\u0110\u1ed9i ng\u0169 lu\u1eadt s\u01b0 c\u1ee7a ch\u00fang t\u00f4i l\u00e0 chuy\u00ean gia trong l\u0129nh v\u1ef1c n\u00e0y. Ch\u00fang t\u00f4i c\u00f3 th\u1ec3 \u0111\u01b0a ra cho kh\u00e1ch h\u00e0ng nhi\u1ec1u gi\u1ea3i ph\u00e1p, t\u01b0 v\u1ea5n cho kh\u00e1ch h\u00e0ng nh\u1eefng v\u1ea5n \u0111\u1ec1 c\u00f2n ch\u01b0a r\u00f5 ho\u1eb7c c\u00f2n nghi ng\u1edd. Ch\u00fang t\u00f4i c\u00f3 th\u1ec3 t\u01b0 v\u1ea5n cho kh\u00e1ch h\u00e0ng k\u1ec3 t\u1eeb khi c\u00f3 gi\u1ea5y ph\u00e9p th\u00e0nh l\u1eadp c\u00f4ng ty, gi\u00fap \u0111i\u1ec1u ch\u1ec9nh c\u00e1c quy ch\u1ebf c\u1ee7a c\u00f4ng ty theo mong mu\u1ed1n c\u1ee7a kh\u00e1ch h\u00e0ng mi\u1ec5n l\u00e0 c\u00e1c quy ch\u1ebf n\u00e0y&nbsp; kh\u00f4ng tr\u00e1i v\u1edbi lu\u1eadt ph\u00e1p v\u00e0 phong t\u1ee5c c\u1ee7a qu\u1ed1c gia cho \u0111\u1ebfn l\u00fac \u0111\u0103ng k\u00fd c\u00f4ng ty v\u1edbi C\u01a1 quan \u0111\u0103ng k\u00fd Th\u01b0\u01a1ng m\u1ea1i.<\/p>\n\n\n\n<p>Trong tr\u01b0\u1eddng h\u1ee3p xung \u0111\u1ed9t v\u1edbi c\u00e1c \u0111\u1ed1i t\u00e1c, ch\u00fang t\u00f4i c\u00f3 kh\u1ea3 n\u0103ng v\u00e0 lu\u00f4n h\u01b0\u1edbng \u0111\u1ebfn gi\u1ea3i quy\u1ebft m\u1ecdi xung \u0111\u1ed9t b\u00ean ngo\u00e0i t\u00f2a \u00e1n v\u00e0 theo tinh th\u1ea7n th\u00e2n thi\u1ec7n, tr\u00e1nh t\u1ed1i \u0111a vi\u1ec7c gi\u1ea3i quy\u1ebft qua con \u0111\u01b0\u1eddng t\u01b0 ph\u00e1p tr\u1eeb phi kh\u00f4ng c\u00f2n gi\u1ea3i ph\u00e1p n\u00e0o kh\u00e1c ngo\u00e0i vi\u1ec7c ra t\u00f2a.<\/p>\n\n\n\n<p>Ch\u00fang t\u00f4i c\u0169ng t\u01b0 v\u1ea5n cho kh\u00e1ch h\u00e0ng v\u1ec1 c\u00e1c h\u1ee3p \u0111\u1ed3ng th\u01b0\u01a1ng m\u1ea1i v\u1edbi kh\u00e1ch h\u00e0ng, v\u1edbi nh\u00e0 cung c\u1ea5p, v.v., ti\u1ebfn h\u00e0nh chu\u1ea9n b\u1ecb c\u00e1c h\u1ee3p \u0111\u1ed3ng n\u00f3i tr\u00ean ho\u1eb7c tham gia v\u00e0o c\u00e1c h\u1ee3p \u0111\u1ed3ng \u0111\u00f3 nh\u1eb1m \u0111\u1ea3m b\u1ea3o cho kh\u00e1ch h\u00e0ng c\u1ee7a ch\u00fang t\u00f4i n\u1eafm r\u00f5 quy\u1ec1n l\u1ee3i v\u00e0 ngh\u0129a v\u1ee5 c\u1ee7a h\u1ecd ngay t\u1eeb th\u1eddi \u0111i\u1ec3m k\u00fd k\u1ebft h\u1ee3p \u0111\u1ed3ng.<\/p>\n\n\n<div class=\"wp-block-image\">\n<figure class=\"aligncenter size-full is-resized\"><img loading=\"lazy\" decoding=\"async\" src=\"http:\/\/www.benalmadenaasesores.es\/wp-content\/uploads\/2022\/11\/derecho-mercantil.jpg\" alt=\"\" class=\"wp-image-354\" width=\"523\" height=\"280\" srcset=\"https:\/\/benalmadenaasesores.es\/wp-content\/uploads\/2022\/11\/derecho-mercantil.jpg 1000w, https:\/\/benalmadenaasesores.es\/wp-content\/uploads\/2022\/11\/derecho-mercantil-300x161.jpg 300w, https:\/\/benalmadenaasesores.es\/wp-content\/uploads\/2022\/11\/derecho-mercantil-768x412.jpg 768w\" sizes=\"auto, (max-width: 523px) 100vw, 523px\" \/><\/figure>\n<\/div>\n\n\n<p>N\u1ebfu b\u1ea1n c\u1ea7n \u0111\u01b0\u1ee3c t\u01b0 v\u1ea5n, xin vui l\u00f2ng \u0111i\u1ec1n v\u00e0o d\u1eef li\u1ec7u d\u01b0\u1edbi \u0111\u00e2y:<\/p>\n\n\n\n<div class=\"wp-block-contact-form-7-contact-form-selector\"><div role=\"form\" class=\"wpcf7\" id=\"wpcf7-f361-o1\" lang=\"es-ES\" dir=\"ltr\">\n<div class=\"screen-reader-response\"><p role=\"status\" aria-live=\"polite\" aria-atomic=\"true\"><\/p> <ul><\/ul><\/div>\n<form action=\"\/index.php?rest_route=%2Fwp%2Fv2%2Fpages%2F287#wpcf7-f361-o1\" method=\"post\" class=\"wpcf7-form init\" novalidate=\"novalidate\" data-status=\"init\">\n<div style=\"display: none;\">\n<input type=\"hidden\" name=\"_wpcf7\" value=\"361\" \/>\n<input type=\"hidden\" name=\"_wpcf7_version\" value=\"5.6.4\" \/>\n<input type=\"hidden\" name=\"_wpcf7_locale\" value=\"es_ES\" \/>\n<input type=\"hidden\" name=\"_wpcf7_unit_tag\" value=\"wpcf7-f361-o1\" \/>\n<input type=\"hidden\" name=\"_wpcf7_container_post\" value=\"0\" \/>\n<input type=\"hidden\" name=\"_wpcf7_posted_data_hash\" value=\"\" \/>\n<\/div>\n<p><label> T\u00ean:<br \/>\n    <span class=\"wpcf7-form-control-wrap\" data-name=\"your-name\"><input type=\"text\" name=\"your-name\" value=\"\" size=\"40\" class=\"wpcf7-form-control wpcf7-text wpcf7-validates-as-required\" aria-required=\"true\" aria-invalid=\"false\" \/><\/span> <\/label><\/p>\n<p><label> \u0110\u1ecba ch\u1ec9:<br \/>\n    <span class=\"wpcf7-form-control-wrap\" data-name=\"direccion\"><input type=\"text\" name=\"direccion\" value=\"\" size=\"40\" class=\"wpcf7-form-control wpcf7-text wpcf7-validates-as-required\" aria-required=\"true\" aria-invalid=\"false\" \/><\/span> <\/label><\/p>\n<p><label> Email:<br \/>\n    <span class=\"wpcf7-form-control-wrap\" data-name=\"your-email\"><input type=\"email\" name=\"your-email\" value=\"\" size=\"40\" class=\"wpcf7-form-control wpcf7-text wpcf7-email wpcf7-validates-as-required wpcf7-validates-as-email\" aria-required=\"true\" aria-invalid=\"false\" \/><\/span> <\/label><\/p>\n<p><label> Th\u00f4ng tin c\u1ea7n t\u01b0 v\u1ea5n :<br \/>\n    <span class=\"wpcf7-form-control-wrap\" data-name=\"your-message\"><textarea name=\"your-message\" cols=\"40\" rows=\"10\" class=\"wpcf7-form-control wpcf7-textarea\" aria-invalid=\"false\"><\/textarea><\/span> <\/label><\/p>\n<p>T\u00f4i ch\u1ea5p nh\u1eadn th\u00f4ng b\u00e1o ph\u00e1p l\u00fd\/ch\u00ednh s\u00e1ch b\u1ea3o m\u1eadt<\/p>\n<p><input type=\"submit\" value=\"G\u1eedi y\u00eau c\u1ea7u t\u01b0 v\u1ea5n\" class=\"wpcf7-form-control has-spinner wpcf7-submit\" \/><\/p>\n<div class=\"wpcf7-response-output\" aria-hidden=\"true\"><\/div><\/form><\/div><\/div>\n","protected":false},"excerpt":{"rendered":"<p>\u0110\u1ed9i ng\u0169 lu\u1eadt s\u01b0 c\u1ee7a ch\u00fang t\u00f4i l\u00e0 chuy\u00ean gia trong l\u0129nh v\u1ef1c n\u00e0y. Ch\u00fang t\u00f4i c\u00f3 th\u1ec3 \u0111\u01b0a ra cho kh\u00e1ch h\u00e0ng nhi\u1ec1u gi\u1ea3i ph\u00e1p, t\u01b0 v\u1ea5n cho kh\u00e1ch h\u00e0ng nh\u1eefng v\u1ea5n \u0111\u1ec1 c\u00f2n ch\u01b0a r\u00f5 ho\u1eb7c c\u00f2n nghi ng\u1edd. Ch\u00fang t\u00f4i c\u00f3 th\u1ec3 t\u01b0 v\u1ea5n cho kh\u00e1ch h\u00e0ng k\u1ec3 t\u1eeb khi c\u00f3 gi\u1ea5y [&hellip;]<\/p>\n","protected":false},"author":1,"featured_media":0,"parent":0,"menu_order":0,"comment_status":"closed","ping_status":"closed","template":"","meta":{"hide_page_title":"","_coblocks_attr":"","_coblocks_dimensions":"","_coblocks_responsive_height":"","_coblocks_accordion_ie_support":"","footnotes":""},"class_list":["post-287","page","type-page","status-publish","hentry"],"_links":{"self":[{"href":"https:\/\/benalmadenaasesores.es\/index.php?rest_route=\/wp\/v2\/pages\/287","targetHints":{"allow":["GET"]}}],"collection":[{"href":"https:\/\/benalmadenaasesores.es\/index.php?rest_route=\/wp\/v2\/pages"}],"about":[{"href":"https:\/\/benalmadenaasesores.es\/index.php?rest_route=\/wp\/v2\/types\/page"}],"author":[{"embeddable":true,"href":"https:\/\/benalmadenaasesores.es\/index.php?rest_route=\/wp\/v2\/users\/1"}],"replies":[{"embeddable":true,"href":"https:\/\/benalmadenaasesores.es\/index.php?rest_route=%2Fwp%2Fv2%2Fcomments&post=287"}],"version-history":[{"count":3,"href":"https:\/\/benalmadenaasesores.es\/index.php?rest_route=\/wp\/v2\/pages\/287\/revisions"}],"predecessor-version":[{"id":372,"href":"https:\/\/benalmadenaasesores.es\/index.php?rest_route=\/wp\/v2\/pages\/287\/revisions\/372"}],"wp:attachment":[{"href":"https:\/\/benalmadenaasesores.es\/index.php?rest_route=%2Fwp%2Fv2%2Fmedia&parent=287"}],"curies":[{"name":"wp","href":"https:\/\/api.w.org\/{rel}","templated":true}]}}