{"id":291,"date":"2022-11-23T17:11:35","date_gmt":"2022-11-23T17:11:35","guid":{"rendered":"http:\/\/www.benalmadenaasesores.es\/?page_id=291"},"modified":"2022-11-24T15:03:04","modified_gmt":"2022-11-24T15:03:04","slug":"luat-bat-dong-san","status":"publish","type":"page","link":"https:\/\/benalmadenaasesores.es\/?page_id=291&lang=vi","title":{"rendered":"<strong>LU\u1eacT B\u1ea4T \u0110\u1ed8NG S\u1ea2N<\/strong>"},"content":{"rendered":"\n<p>Hi\u1ec7n nay, t\u1ea1i T\u00e2y Ban Nha giao d\u1ecbch mua b\u1ea5t \u0111\u1ed9ng s\u1ea3n \u0111ang t\u0103ng c\u01b0\u1eddng kh\u00f4ng ch\u1ec9 b\u1edfi c\u00f4ng d\u00e2n trong n\u01b0\u1edbc m\u00e0 c\u00f2n b\u1edfi nhi\u1ec1u ng\u01b0\u1eddi n\u01b0\u1edbc ngo\u00e0i \u0111\u1ebfn T\u00e2y Ban Nha \u0111\u1ec3 mua nh\u00e0 \u0111\u1ea5t. T\u1eeb v\u0103n ph\u00f2ng lu\u1eadt c\u1ee7a m\u00ecnh, ch\u00fang t\u00f4i bi\u1ebft \u0111\u01b0\u1ee3c t\u00ecnh h\u00ecnh&nbsp; th\u1ef1c t\u1ebf n\u00e0y v\u00e0 kh\u00e1ch h\u00e0ng c\u1ee7a ch\u00fang t\u00f4i, m\u1ed9t khi quy\u1ebft \u0111\u1ecbnh \u0111\u1ea7u t\u01b0 v\u00e0o b\u1ea5t \u0111\u1ed9ng s\u1ea3n, h\u1ecd mong mu\u1ed1n ch\u00fang t\u00f4i t\u01b0 v\u1ea5n th\u1eadt k\u1ef9 c\u00e0ng \u0111\u1ec3 kh\u00f4ng \u0111\u01b0a ra nh\u1eefng quy\u1ebft \u0111\u1ecbnh c\u00f3 th\u1ec3 g\u00e2y t\u1ed5n h\u1ea1i cho h\u1ecd sau n\u00e0y v\u00e0 ch\u00ednh v\u00ec l\u00fd do n\u00e0y m\u00e0 ch\u00fang t\u00f4i c\u00f3 th\u1ec3 cung c\u1ea5p cho c\u00e1c kh\u00e1ch h\u00e0ng t\u1ea5t c\u1ea3 nh\u1eefng d\u1ecbch v\u1ee5 c\u1ea7n thi\u1ebft nh\u1eb1m ph\u1ee5c v\u1ee5 cho m\u1ee5c \u0111\u00edch \u0111\u00e3 n\u00eau. \u0110\u1ec3 t\u01b0 v\u1ea5n t\u1ed1t trong h\u1ee3p \u0111\u1ed3ng mua b\u00e1n, h\u1ee3p \u0111\u1ed3ng cho thu\u00ea, \u0111i\u1ec1u t\u1ed1i quan tr\u1ecdng l\u00e0 kh\u00e1ch h\u00e0ng ph\u1ea3i n\u1eafm r\u00f5 h\u1ecd c\u00f3 th\u1ec3 c\u00f3 nh\u1eefng quy\u1ec1n g\u00ec v\u00e0 ngh\u0129a v\u1ee5 g\u00ec khi k\u00fd k\u1ebft h\u1ee3p \u0111\u1ed3ng \u0111\u1ec3 sau n\u00e0y kh\u00f4ng ph\u1ea3i ra t\u00f2a v\u00ec \u0111\u00e3 kh\u00f4ng th\u1ecfa thu\u1eadn ho\u1eb7c quy \u0111\u1ecbnh ch\u00ednh x\u00e1c m\u1ed9t \u0111i\u1ec1u kho\u1ea3n n\u00e0o \u0111\u00f3, d\u1eabn \u0111\u1ebfn thi\u1ec7t h\u1ea1i v\u1ec1 kinh t\u1ebf v\u00e0 th\u1eddi gian cho kh\u00e1ch h\u00e0ng. T\u1ea5t c\u1ea3 nh\u1eefng \u0111i\u1ec1u n\u00e0y c\u00f3 th\u1ec3 tr\u00e1nh \u0111\u01b0\u1ee3c n\u1ebfu b\u1ea1n \u0111\u01b0\u1ee3c t\u01b0 v\u1ea5n b\u1edfi c\u00e1c chuy\u00ean gia.<\/p>\n\n\n\n<p>Sau khi h\u1ee3p \u0111\u1ed3ng mua b\u00e1n \u0111\u00e3 \u0111\u01b0\u1ee3c h\u1ee3p th\u1ee9c h\u00f3a t\u1ea1i Ph\u00f2ng c\u00f4ng ch\u1ee9ng, ch\u00fang t\u00f4i s\u1ebd th\u1ef1c hi\u1ec7n t\u1ea5t c\u1ea3 c\u00e1c th\u1ee7 t\u1ee5c c\u1ea7n thi\u1ebft \u0111\u1ec3 \u0111\u0103ng k\u00fd, ch\u1eb3ng h\u1ea1n nh\u01b0: thanh l\u00fd c\u00e1c kho\u1ea3n thu\u1ebf ph\u1ea3i n\u1ed9p v\u00e0 xu\u1ea5t tr\u00ecnh, \u0111\u01b0a ch\u1ee9ng th\u01b0 \u0111\u1ebfn C\u01a1 quan \u0111\u0103ng k\u00fd, th\u00f4ng b\u00e1o ti\u1ec1n l\u00e3i v\u1ed1n \u0111\u1ebfn ph\u00f2ng \u0110\u00f4 th\u1ecb t\u01b0\u01a1ng \u1ee9ng v\u00e0 \u0111\u1ebfn v\u0103n ph\u00f2ng \u0110\u1ecba ch\u00ednh, v.v.<\/p>\n\n\n\n<p>Kh\u00e1ch h\u00e0ng c\u1ee7a ch\u00fang t\u00f4i c\u00f3 th\u1ec3 y\u00ean t\u00e2m r\u1eb1ng h\u1ecd \u0111\u00e3 \u0111\u01b0\u1ee3c t\u01b0 v\u1ea5n k\u1ef9 l\u01b0\u1ee1ng b\u1edfi \u0111\u1ed9i ng\u0169 chuy\u00ean gia trong vi\u1ec7c mua, b\u00e1n ho\u1eb7c cho thu\u00ea b\u1ea5t \u0111\u1ed9ng s\u1ea3n m\u00e0 h\u1ecd s\u1ebd giao d\u1ecbch v\u00e0 s\u1ebd kh\u00f4ng g\u1eb7p b\u1ea5t k\u1ef3 r\u1eafc r\u1ed1i n\u00e0o.<\/p>\n\n\n<div class=\"wp-block-image\">\n<figure class=\"aligncenter size-full\"><img loading=\"lazy\" decoding=\"async\" width=\"300\" height=\"200\" src=\"http:\/\/www.benalmadenaasesores.es\/wp-content\/uploads\/2022\/11\/casa.jpg\" alt=\"\" class=\"wp-image-134\"\/><\/figure>\n<\/div>\n\n\n<p>N\u1ebfu b\u1ea1n c\u1ea7n \u0111\u01b0\u1ee3c t\u01b0 v\u1ea5n, xin vui l\u00f2ng \u0111i\u1ec1n v\u00e0o d\u1eef li\u1ec7u d\u01b0\u1edbi \u0111\u00e2y:<\/p>\n\n\n\n<div class=\"wp-block-contact-form-7-contact-form-selector\"><div role=\"form\" class=\"wpcf7\" id=\"wpcf7-f361-o1\" lang=\"es-ES\" dir=\"ltr\">\n<div class=\"screen-reader-response\"><p role=\"status\" aria-live=\"polite\" aria-atomic=\"true\"><\/p> <ul><\/ul><\/div>\n<form action=\"\/index.php?rest_route=%2Fwp%2Fv2%2Fpages%2F291#wpcf7-f361-o1\" method=\"post\" class=\"wpcf7-form init\" novalidate=\"novalidate\" data-status=\"init\">\n<div style=\"display: none;\">\n<input type=\"hidden\" name=\"_wpcf7\" value=\"361\" \/>\n<input type=\"hidden\" name=\"_wpcf7_version\" value=\"5.6.4\" \/>\n<input type=\"hidden\" name=\"_wpcf7_locale\" value=\"es_ES\" \/>\n<input type=\"hidden\" name=\"_wpcf7_unit_tag\" value=\"wpcf7-f361-o1\" \/>\n<input type=\"hidden\" name=\"_wpcf7_container_post\" value=\"0\" \/>\n<input type=\"hidden\" name=\"_wpcf7_posted_data_hash\" value=\"\" \/>\n<\/div>\n<p><label> T\u00ean:<br \/>\n    <span class=\"wpcf7-form-control-wrap\" data-name=\"your-name\"><input type=\"text\" name=\"your-name\" value=\"\" size=\"40\" class=\"wpcf7-form-control wpcf7-text wpcf7-validates-as-required\" aria-required=\"true\" aria-invalid=\"false\" \/><\/span> <\/label><\/p>\n<p><label> \u0110\u1ecba ch\u1ec9:<br \/>\n    <span class=\"wpcf7-form-control-wrap\" data-name=\"direccion\"><input type=\"text\" name=\"direccion\" value=\"\" size=\"40\" class=\"wpcf7-form-control wpcf7-text wpcf7-validates-as-required\" aria-required=\"true\" aria-invalid=\"false\" \/><\/span> <\/label><\/p>\n<p><label> Email:<br \/>\n    <span class=\"wpcf7-form-control-wrap\" data-name=\"your-email\"><input type=\"email\" name=\"your-email\" value=\"\" size=\"40\" class=\"wpcf7-form-control wpcf7-text wpcf7-email wpcf7-validates-as-required wpcf7-validates-as-email\" aria-required=\"true\" aria-invalid=\"false\" \/><\/span> <\/label><\/p>\n<p><label> Th\u00f4ng tin c\u1ea7n t\u01b0 v\u1ea5n :<br \/>\n    <span class=\"wpcf7-form-control-wrap\" data-name=\"your-message\"><textarea name=\"your-message\" cols=\"40\" rows=\"10\" class=\"wpcf7-form-control wpcf7-textarea\" aria-invalid=\"false\"><\/textarea><\/span> <\/label><\/p>\n<p>T\u00f4i ch\u1ea5p nh\u1eadn th\u00f4ng b\u00e1o ph\u00e1p l\u00fd\/ch\u00ednh s\u00e1ch b\u1ea3o m\u1eadt<\/p>\n<p><input type=\"submit\" value=\"G\u1eedi y\u00eau c\u1ea7u t\u01b0 v\u1ea5n\" class=\"wpcf7-form-control has-spinner wpcf7-submit\" \/><\/p>\n<div class=\"wpcf7-response-output\" aria-hidden=\"true\"><\/div><\/form><\/div><\/div>\n","protected":false},"excerpt":{"rendered":"<p>Hi\u1ec7n nay, t\u1ea1i T\u00e2y Ban Nha giao d\u1ecbch mua b\u1ea5t \u0111\u1ed9ng s\u1ea3n \u0111ang t\u0103ng c\u01b0\u1eddng kh\u00f4ng ch\u1ec9 b\u1edfi c\u00f4ng d\u00e2n trong n\u01b0\u1edbc m\u00e0 c\u00f2n b\u1edfi nhi\u1ec1u ng\u01b0\u1eddi n\u01b0\u1edbc ngo\u00e0i \u0111\u1ebfn T\u00e2y Ban Nha \u0111\u1ec3 mua nh\u00e0 \u0111\u1ea5t. T\u1eeb v\u0103n ph\u00f2ng lu\u1eadt c\u1ee7a m\u00ecnh, ch\u00fang t\u00f4i bi\u1ebft \u0111\u01b0\u1ee3c t\u00ecnh h\u00ecnh&nbsp; th\u1ef1c t\u1ebf n\u00e0y v\u00e0 kh\u00e1ch h\u00e0ng [&hellip;]<\/p>\n","protected":false},"author":1,"featured_media":0,"parent":0,"menu_order":0,"comment_status":"closed","ping_status":"closed","template":"","meta":{"hide_page_title":"","_coblocks_attr":"","_coblocks_dimensions":"","_coblocks_responsive_height":"","_coblocks_accordion_ie_support":"","footnotes":""},"class_list":["post-291","page","type-page","status-publish","hentry"],"_links":{"self":[{"href":"https:\/\/benalmadenaasesores.es\/index.php?rest_route=\/wp\/v2\/pages\/291","targetHints":{"allow":["GET"]}}],"collection":[{"href":"https:\/\/benalmadenaasesores.es\/index.php?rest_route=\/wp\/v2\/pages"}],"about":[{"href":"https:\/\/benalmadenaasesores.es\/index.php?rest_route=\/wp\/v2\/types\/page"}],"author":[{"embeddable":true,"href":"https:\/\/benalmadenaasesores.es\/index.php?rest_route=\/wp\/v2\/users\/1"}],"replies":[{"embeddable":true,"href":"https:\/\/benalmadenaasesores.es\/index.php?rest_route=%2Fwp%2Fv2%2Fcomments&post=291"}],"version-history":[{"count":2,"href":"https:\/\/benalmadenaasesores.es\/index.php?rest_route=\/wp\/v2\/pages\/291\/revisions"}],"predecessor-version":[{"id":362,"href":"https:\/\/benalmadenaasesores.es\/index.php?rest_route=\/wp\/v2\/pages\/291\/revisions\/362"}],"wp:attachment":[{"href":"https:\/\/benalmadenaasesores.es\/index.php?rest_route=%2Fwp%2Fv2%2Fmedia&parent=291"}],"curies":[{"name":"wp","href":"https:\/\/api.w.org\/{rel}","templated":true}]}}