{"id":296,"date":"2022-11-23T17:12:31","date_gmt":"2022-11-23T17:12:31","guid":{"rendered":"http:\/\/www.benalmadenaasesores.es\/?page_id=296"},"modified":"2022-11-24T15:13:44","modified_gmt":"2022-11-24T15:13:44","slug":"luat-ve-nguoi-nuoc-ngoai","status":"publish","type":"page","link":"https:\/\/benalmadenaasesores.es\/?page_id=296&lang=vi","title":{"rendered":"<strong>LU\u1eacT V\u1ec0 NG\u01af\u1edcI N\u01af\u1edaC NGO\u00c0I<\/strong>"},"content":{"rendered":"\n<p>\u1ede T\u00e2y Ban Nha v\u00e0 \u0111\u1eb7c bi\u1ec7t l\u00e0 \u1edf khu v\u1ef1c Costa del Sol, c\u00f3 m\u1ed9t s\u1ed1 l\u01b0\u1ee3ng l\u1edbn ng\u01b0\u1eddi n\u01b0\u1edbc ngo\u00e0i mu\u1ed1n \u0111\u1ebfn sinh s\u1ed1ng.V\u1edbi v\u0103n ph\u00f2ng lu\u1eadt c\u1ee7a m\u00ecnh, ch\u00fang t\u00f4i c\u00f3 th\u1ec3 t\u01b0 v\u1ea5n cho b\u1ea1n \u0111\u1ec3 b\u1ea1n c\u00f3 th\u1ec3 xin th\u1ebb c\u01b0 tr\u00fa, th\u1ebb l\u00e0m vi\u1ec7c, th\u1ebb sinh vi\u00ean, v.v.. m\u00e0 b\u1ea1n mong mu\u1ed1n. C\u00f4ng ty ch\u00fang t\u00f4i mang t\u00ednh cam k\u1ebft cao v\u1ec1 vi\u1ec7c cung c\u1ea5p c\u00e1c gi\u1ea3i ph\u00e1p t\u1ed1t nh\u1ea5t cho kh\u00e1ch h\u00e0ng c\u1ee7a m\u00ecnh trong l\u0129nh v\u1ef1c n\u00e0y.<\/p>\n\n\n\n<p>Ch\u00fang t\u00f4i l\u00e0 \u0111\u1ed9i ng\u0169 lu\u1eadt s\u01b0 chuy\u00ean v\u1ec1 di tr\u00fa v\u00e0 ng\u01b0\u1eddi n\u01b0\u1edbc ngo\u00e0i. Ch\u00fang t\u00f4i tin r\u1eb1ng t\u1ea5t c\u1ea3 m\u1ecdi ng\u01b0\u1eddi \u0111\u1ec1u c\u00f3 quy\u1ec1n c\u01b0 tr\u00fa \u1edf b\u1ea5t c\u1ee9 \u0111\u00e2u h\u1ecd mu\u1ed1n v\u00e0 c\u1ea7n \u0111\u01b0\u1ee3c t\u01b0 v\u1ea5n ph\u00e1p l\u00fd m\u1ed9t c\u00e1ch \u0111\u1ea3m b\u1ea3o. V\u00ec l\u00fd do n\u00e0y, ch\u00fang t\u00f4i khuy\u1ebfn kh\u00edch b\u1ea1n g\u1eedi y\u00eau c\u1ea7u t\u01b0 v\u1ea5n v\u1ec1 tr\u01b0\u1eddng h\u1ee3p c\u1ee7a m\u00ecnh v\u00e0 qua \u0111\u00f3, ch\u00fang t\u00f4i c\u00f3 th\u1ec3 tr\u1ee3 gi\u00fap \u0111\u01b0\u1ee3c b\u1ea1n.<\/p>\n\n\n\n<p>M\u1ed9t trong nh\u1eefng c\u00e1ch \u0111\u1ec3 c\u00f3 \u0111\u01b0\u1ee3c th\u1ebb c\u01b0 tr\u00fa cho ph\u00e9p b\u1ea1n s\u1ed1ng v\u00e0 l\u00e0m vi\u1ec7c \u1edf T\u00e2y Ban Nha l\u00e0 xin th\u1ebb nh\u00e0 \u0111\u1ea7u t\u01b0, c\u00f3 t\u00ean g\u1ecdi l\u00e0 \u00abVISA V\u00c0NG\u00bb d\u00e0nh cho nh\u1eefng nh\u00e0 \u0111\u1ea7u t\u01b0 mu\u1ed1n \u0111\u1ea7u t\u01b0 v\u00e0o b\u1ea5t \u0111\u1ed9ng s\u1ea3n c\u00f3 gi\u00e1 tr\u1ecb v\u01b0\u1ee3t qu\u00e1 500.000 \u20ac. V\u1edbi th\u1ebb n\u00e0y, kh\u00f4ng ch\u1ec9 ng\u01b0\u1eddi n\u1ed9p \u0111\u01a1n c\u00f3 th\u1ec3 sinh s\u1ed1ng v\u00e0 l\u00e0m vi\u1ec7c, m\u00e0 c\u1ea3 gia \u0111\u00ecnh m\u00ecnh g\u1ed3m: v\u1ee3 \/ ch\u1ed3ng v\u00e0 con c\u00e1i c\u0169ng \u0111\u01b0\u1ee3c ph\u00e9p sinh s\u1ed1ng v\u00e0 l\u00e0m vi\u1ec7c t\u1ea1i T\u00e2y Ban Nha. \u0110\u00e2y l\u00e0 m\u1ed9t c\u00e1ch r\u1ea5t nhanh ch\u00f3ng \u0111\u1ec3 c\u00f3 \u0111\u01b0\u1ee3c th\u1ebb th\u01b0\u1eddng tr\u00fa h\u1ee3p ph\u00e1p cho ph\u00e9p b\u1ea1n sinh s\u1ed1ng t\u1ea1i T\u00e2y Ban Nha.<\/p>\n\n\n\n<p>Ch\u00fang t\u00f4i th\u1ef1c hi\u1ec7n t\u1ea5t c\u1ea3 c\u00e1c lo\u1ea1i th\u1ee7 t\u1ee5c \u0111\u1ec3 h\u1ee3p ph\u00e1p h\u00f3a cho b\u1ea5t k\u1ef3 ng\u01b0\u1eddi n\u01b0\u1edbc ngo\u00e0i n\u00e0o mu\u1ed1n \u0111\u1ebfn T\u00e2y Ban Nha \u0111\u1ec3 c\u00f3 \u0111\u01b0\u1ee3c th\u1ebb th\u01b0\u1eddng tr\u00fa, t\u1ea1m tr\u00fa v\u00e0 qu\u1ed1c t\u1ecbch t\u1eeb: ngu\u1ed3n g\u1ed1c x\u00e3 h\u1ed9i, ngu\u1ed3n g\u1ed1c c\u00f4ng vi\u1ec7c, ngu\u1ed3n g\u1ed1c gia \u0111\u00ecnh, ngu\u1ed3n g\u1ed1c v\u00ec l\u00fd do nh\u00e2n \u0111\u1ea1o, \u0111\u0103ng k\u00fd v\u00e0 gia h\u1ea1n th\u1ebb c\u00f4ng d\u00e2n, \u0111\u0103ng k\u00fd , s\u1eeda \u0111\u1ed5i v\u00e0 gia h\u1ea1n th\u1ebb lao \u0111\u1ed9ng l\u00e0m vi\u1ec7c t\u1eeb xa, \u0111o\u00e0n t\u1ee5 gia \u0111\u00ecnh, \u0111\u01a1n xin c\u1ea5p th\u01b0 m\u1eddi th\u0103m th\u00e2n nh\u00e2n, \u0111\u01a1n xin c\u1ea5p \u1ee7y quy\u1ec1n quay l\u1ea1i T\u00e2y Ban Nha, v.v.<\/p>\n\n\n\n<figure class=\"wp-block-image size-large\"><img loading=\"lazy\" decoding=\"async\" width=\"1024\" height=\"505\" src=\"http:\/\/www.benalmadenaasesores.es\/wp-content\/uploads\/2022\/11\/pasaportes-1024x505.jpg\" alt=\"\" class=\"wp-image-131\" srcset=\"https:\/\/benalmadenaasesores.es\/wp-content\/uploads\/2022\/11\/pasaportes-1024x505.jpg 1024w, https:\/\/benalmadenaasesores.es\/wp-content\/uploads\/2022\/11\/pasaportes-300x148.jpg 300w, https:\/\/benalmadenaasesores.es\/wp-content\/uploads\/2022\/11\/pasaportes-768x379.jpg 768w, https:\/\/benalmadenaasesores.es\/wp-content\/uploads\/2022\/11\/pasaportes.jpg 1256w\" sizes=\"auto, (max-width: 1024px) 100vw, 1024px\" \/><\/figure>\n\n\n\n<p>N\u1ebfu b\u1ea1n quan t\u00e2m, xin vui l\u00f2ng g\u1eedi y\u00eau c\u1ea7u cung c\u1ea5p th\u00f4ng tin b\u1eb1ng c\u00e1ch \u0111i\u1ec1n v\u00e0o d\u1eef li\u1ec7u d\u01b0\u1edbi \u0111\u00e2y:<\/p>\n\n\n\n<div class=\"wp-block-contact-form-7-contact-form-selector\"><div role=\"form\" class=\"wpcf7\" id=\"wpcf7-f361-o1\" lang=\"es-ES\" dir=\"ltr\">\n<div class=\"screen-reader-response\"><p role=\"status\" aria-live=\"polite\" aria-atomic=\"true\"><\/p> <ul><\/ul><\/div>\n<form action=\"\/index.php?rest_route=%2Fwp%2Fv2%2Fpages%2F296#wpcf7-f361-o1\" method=\"post\" class=\"wpcf7-form init\" novalidate=\"novalidate\" data-status=\"init\">\n<div style=\"display: none;\">\n<input type=\"hidden\" name=\"_wpcf7\" value=\"361\" \/>\n<input type=\"hidden\" name=\"_wpcf7_version\" value=\"5.6.4\" \/>\n<input type=\"hidden\" name=\"_wpcf7_locale\" value=\"es_ES\" \/>\n<input type=\"hidden\" name=\"_wpcf7_unit_tag\" value=\"wpcf7-f361-o1\" \/>\n<input type=\"hidden\" name=\"_wpcf7_container_post\" value=\"0\" \/>\n<input type=\"hidden\" name=\"_wpcf7_posted_data_hash\" value=\"\" \/>\n<\/div>\n<p><label> T\u00ean:<br \/>\n    <span class=\"wpcf7-form-control-wrap\" data-name=\"your-name\"><input type=\"text\" name=\"your-name\" value=\"\" size=\"40\" class=\"wpcf7-form-control wpcf7-text wpcf7-validates-as-required\" aria-required=\"true\" aria-invalid=\"false\" \/><\/span> <\/label><\/p>\n<p><label> \u0110\u1ecba ch\u1ec9:<br \/>\n    <span class=\"wpcf7-form-control-wrap\" data-name=\"direccion\"><input type=\"text\" name=\"direccion\" value=\"\" size=\"40\" class=\"wpcf7-form-control wpcf7-text wpcf7-validates-as-required\" aria-required=\"true\" aria-invalid=\"false\" \/><\/span> <\/label><\/p>\n<p><label> Email:<br \/>\n    <span class=\"wpcf7-form-control-wrap\" data-name=\"your-email\"><input type=\"email\" name=\"your-email\" value=\"\" size=\"40\" class=\"wpcf7-form-control wpcf7-text wpcf7-email wpcf7-validates-as-required wpcf7-validates-as-email\" aria-required=\"true\" aria-invalid=\"false\" \/><\/span> <\/label><\/p>\n<p><label> Th\u00f4ng tin c\u1ea7n t\u01b0 v\u1ea5n :<br \/>\n    <span class=\"wpcf7-form-control-wrap\" data-name=\"your-message\"><textarea name=\"your-message\" cols=\"40\" rows=\"10\" class=\"wpcf7-form-control wpcf7-textarea\" aria-invalid=\"false\"><\/textarea><\/span> <\/label><\/p>\n<p>T\u00f4i ch\u1ea5p nh\u1eadn th\u00f4ng b\u00e1o ph\u00e1p l\u00fd\/ch\u00ednh s\u00e1ch b\u1ea3o m\u1eadt<\/p>\n<p><input type=\"submit\" value=\"G\u1eedi y\u00eau c\u1ea7u t\u01b0 v\u1ea5n\" class=\"wpcf7-form-control has-spinner wpcf7-submit\" \/><\/p>\n<div class=\"wpcf7-response-output\" aria-hidden=\"true\"><\/div><\/form><\/div><\/div>\n","protected":false},"excerpt":{"rendered":"<p>\u1ede T\u00e2y Ban Nha v\u00e0 \u0111\u1eb7c bi\u1ec7t l\u00e0 \u1edf khu v\u1ef1c Costa del Sol, c\u00f3 m\u1ed9t s\u1ed1 l\u01b0\u1ee3ng l\u1edbn ng\u01b0\u1eddi n\u01b0\u1edbc ngo\u00e0i mu\u1ed1n \u0111\u1ebfn sinh s\u1ed1ng.V\u1edbi v\u0103n ph\u00f2ng lu\u1eadt c\u1ee7a m\u00ecnh, ch\u00fang t\u00f4i c\u00f3 th\u1ec3 t\u01b0 v\u1ea5n cho b\u1ea1n \u0111\u1ec3 b\u1ea1n c\u00f3 th\u1ec3 xin th\u1ebb c\u01b0 tr\u00fa, th\u1ebb l\u00e0m vi\u1ec7c, th\u1ebb sinh vi\u00ean, v.v.. m\u00e0 [&hellip;]<\/p>\n","protected":false},"author":1,"featured_media":0,"parent":0,"menu_order":0,"comment_status":"closed","ping_status":"closed","template":"","meta":{"hide_page_title":"","_coblocks_attr":"","_coblocks_dimensions":"","_coblocks_responsive_height":"","_coblocks_accordion_ie_support":"","footnotes":""},"class_list":["post-296","page","type-page","status-publish","hentry"],"_links":{"self":[{"href":"https:\/\/benalmadenaasesores.es\/index.php?rest_route=\/wp\/v2\/pages\/296","targetHints":{"allow":["GET"]}}],"collection":[{"href":"https:\/\/benalmadenaasesores.es\/index.php?rest_route=\/wp\/v2\/pages"}],"about":[{"href":"https:\/\/benalmadenaasesores.es\/index.php?rest_route=\/wp\/v2\/types\/page"}],"author":[{"embeddable":true,"href":"https:\/\/benalmadenaasesores.es\/index.php?rest_route=\/wp\/v2\/users\/1"}],"replies":[{"embeddable":true,"href":"https:\/\/benalmadenaasesores.es\/index.php?rest_route=%2Fwp%2Fv2%2Fcomments&post=296"}],"version-history":[{"count":3,"href":"https:\/\/benalmadenaasesores.es\/index.php?rest_route=\/wp\/v2\/pages\/296\/revisions"}],"predecessor-version":[{"id":373,"href":"https:\/\/benalmadenaasesores.es\/index.php?rest_route=\/wp\/v2\/pages\/296\/revisions\/373"}],"wp:attachment":[{"href":"https:\/\/benalmadenaasesores.es\/index.php?rest_route=%2Fwp%2Fv2%2Fmedia&parent=296"}],"curies":[{"name":"wp","href":"https:\/\/api.w.org\/{rel}","templated":true}]}}