{"id":300,"date":"2022-11-23T17:13:15","date_gmt":"2022-11-23T17:13:15","guid":{"rendered":"http:\/\/www.benalmadenaasesores.es\/?page_id=300"},"modified":"2022-11-24T15:10:10","modified_gmt":"2022-11-24T15:10:10","slug":"luat-dan-su","status":"publish","type":"page","link":"https:\/\/benalmadenaasesores.es\/?page_id=300&lang=vi","title":{"rendered":"<strong>LU\u1eacT D\u00c2N S\u1ef0<\/strong>"},"content":{"rendered":"\n<p>Th\u1eadt kh\u00f4ng may khi t\u1ea5t c\u1ea3 nh\u1eefng ng\u01b0\u1eddi b\u1ecb tai n\u1ea1n, cho d\u00f9 l\u00e0 tai n\u1ea1n giao th\u00f4ng khi \u0111i tr\u00ean \u0111\u01b0\u1eddng c\u00f4ng c\u1ed9ng, ho\u1eb7c l\u00e0 ph\u1ea3i \u0111\u00f2i n\u1ee3 ng\u01b0\u1eddi kh\u00e1c, hay nh\u1eadn t\u00e0i s\u1ea3n th\u1eeba k\u1ebf ho\u1eb7c mu\u1ed1n l\u1eadp di ch\u00fac cho ng\u01b0\u1eddi th\u00e2n c\u1ee7a h\u1ecd, v.v. T\u1ea5t c\u1ea3 nh\u1eefng v\u1ea5n \u0111\u1ec1 n\u00e0y \u0111\u1ec1u c\u00f3 th\u1ec3 \u0111\u01b0\u1ee3c gi\u1ea3i quy\u1ebft b\u1edfi v\u0103n ph\u00f2ng lu\u1eadt c\u1ee7a ch\u00fang t\u00f4i v\u00e0 ch\u00fang t\u00f4i t\u01b0 v\u1ea5n cho kh\u00e1ch h\u00e0ng c\u1ee7a m\u00ecnh theo c\u00e1ch c\u00f3 l\u1ee3i nh\u1ea5t cho h\u1ecd \u0111\u1ec3 h\u1ecd c\u00f3 th\u1ec3 \u0111\u1ea1t \u0111\u01b0\u1ee3c nguy\u1ec7n v\u1ecdng c\u1ee7a m\u00ecnh.<\/p>\n\n\n\n<p>\u0110\u1ec3 l\u00e0m \u0111i\u1ec1u n\u00e0y, ch\u00fang t\u00f4i nghi\u00ean c\u1ee9u k\u1ef9 v\u1ea5n \u0111\u1ec1 c\u1ee7a b\u1ea1n v\u00e0 \u0111\u01b0a ra gi\u1ea3i ph\u00e1p m\u00e0 ch\u00fang t\u00f4i cho l\u00e0 ph\u00f9 h\u1ee3p nh\u1ea5t v\u00e0 t\u1ea5t nhi\u00ean l\u00e0 v\u1edbi n\u1ed7 l\u1ef1c ngay t\u1eeb \u0111\u1ea7u nh\u1eb1m \u0111\u1ea1t \u0111\u01b0\u1ee3c m\u1ed9t th\u1ecfa thu\u1eadn tho\u1ea3 \u0111\u00e1ng b\u00ean ngo\u00e0i t\u00f2a \u00e1n tr\u01b0\u1edbc khi bu\u1ed9c ph\u1ea3i ra t\u00f2a, b\u1eb1ng c\u00e1ch xu\u1ea5t tr\u00ecnh t\u1ea5t c\u1ea3 c\u00e1c lo\u1ea1i t\u00e0i li\u1ec7u, fax, v.v. \u0111\u1ec3 b\u1ea3o v\u1ec7 t\u1ed1i \u0111a quy\u1ec1n l\u1ee3i c\u1ee7a kh\u00e1ch h\u00e0ng.<\/p>\n\n\n<div class=\"wp-block-image\">\n<figure class=\"aligncenter size-full is-resized\"><img loading=\"lazy\" decoding=\"async\" src=\"http:\/\/www.benalmadenaasesores.es\/wp-content\/uploads\/2022\/11\/apreton-de-manos.jpg\" alt=\"\" class=\"wp-image-127\" width=\"602\" height=\"267\" srcset=\"https:\/\/benalmadenaasesores.es\/wp-content\/uploads\/2022\/11\/apreton-de-manos.jpg 900w, https:\/\/benalmadenaasesores.es\/wp-content\/uploads\/2022\/11\/apreton-de-manos-300x133.jpg 300w, https:\/\/benalmadenaasesores.es\/wp-content\/uploads\/2022\/11\/apreton-de-manos-768x341.jpg 768w\" sizes=\"auto, (max-width: 602px) 100vw, 602px\" \/><\/figure>\n<\/div>\n\n\n<p>N\u1ebfu b\u1ea1n c\u1ea7n \u0111\u01b0\u1ee3c t\u01b0 v\u1ea5n, xin vui l\u00f2ng \u0111i\u1ec1n v\u00e0o d\u1eef li\u1ec7u d\u01b0\u1edbi \u0111\u00e2y:<\/p>\n\n\n\n<div class=\"wp-block-contact-form-7-contact-form-selector\"><div role=\"form\" class=\"wpcf7\" id=\"wpcf7-f361-o1\" lang=\"es-ES\" dir=\"ltr\">\n<div class=\"screen-reader-response\"><p role=\"status\" aria-live=\"polite\" aria-atomic=\"true\"><\/p> <ul><\/ul><\/div>\n<form action=\"\/index.php?rest_route=%2Fwp%2Fv2%2Fpages%2F300#wpcf7-f361-o1\" method=\"post\" class=\"wpcf7-form init\" novalidate=\"novalidate\" data-status=\"init\">\n<div style=\"display: none;\">\n<input type=\"hidden\" name=\"_wpcf7\" value=\"361\" \/>\n<input type=\"hidden\" name=\"_wpcf7_version\" value=\"5.6.4\" \/>\n<input type=\"hidden\" name=\"_wpcf7_locale\" value=\"es_ES\" \/>\n<input type=\"hidden\" name=\"_wpcf7_unit_tag\" value=\"wpcf7-f361-o1\" \/>\n<input type=\"hidden\" name=\"_wpcf7_container_post\" value=\"0\" \/>\n<input type=\"hidden\" name=\"_wpcf7_posted_data_hash\" value=\"\" \/>\n<\/div>\n<p><label> T\u00ean:<br \/>\n    <span class=\"wpcf7-form-control-wrap\" data-name=\"your-name\"><input type=\"text\" name=\"your-name\" value=\"\" size=\"40\" class=\"wpcf7-form-control wpcf7-text wpcf7-validates-as-required\" aria-required=\"true\" aria-invalid=\"false\" \/><\/span> <\/label><\/p>\n<p><label> \u0110\u1ecba ch\u1ec9:<br \/>\n    <span class=\"wpcf7-form-control-wrap\" data-name=\"direccion\"><input type=\"text\" name=\"direccion\" value=\"\" size=\"40\" class=\"wpcf7-form-control wpcf7-text wpcf7-validates-as-required\" aria-required=\"true\" aria-invalid=\"false\" \/><\/span> <\/label><\/p>\n<p><label> Email:<br \/>\n    <span class=\"wpcf7-form-control-wrap\" data-name=\"your-email\"><input type=\"email\" name=\"your-email\" value=\"\" size=\"40\" class=\"wpcf7-form-control wpcf7-text wpcf7-email wpcf7-validates-as-required wpcf7-validates-as-email\" aria-required=\"true\" aria-invalid=\"false\" \/><\/span> <\/label><\/p>\n<p><label> Th\u00f4ng tin c\u1ea7n t\u01b0 v\u1ea5n :<br \/>\n    <span class=\"wpcf7-form-control-wrap\" data-name=\"your-message\"><textarea name=\"your-message\" cols=\"40\" rows=\"10\" class=\"wpcf7-form-control wpcf7-textarea\" aria-invalid=\"false\"><\/textarea><\/span> <\/label><\/p>\n<p>T\u00f4i ch\u1ea5p nh\u1eadn th\u00f4ng b\u00e1o ph\u00e1p l\u00fd\/ch\u00ednh s\u00e1ch b\u1ea3o m\u1eadt<\/p>\n<p><input type=\"submit\" value=\"G\u1eedi y\u00eau c\u1ea7u t\u01b0 v\u1ea5n\" class=\"wpcf7-form-control has-spinner wpcf7-submit\" \/><\/p>\n<div class=\"wpcf7-response-output\" aria-hidden=\"true\"><\/div><\/form><\/div><\/div>\n","protected":false},"excerpt":{"rendered":"<p>Th\u1eadt kh\u00f4ng may khi t\u1ea5t c\u1ea3 nh\u1eefng ng\u01b0\u1eddi b\u1ecb tai n\u1ea1n, cho d\u00f9 l\u00e0 tai n\u1ea1n giao th\u00f4ng khi \u0111i tr\u00ean \u0111\u01b0\u1eddng c\u00f4ng c\u1ed9ng, ho\u1eb7c l\u00e0 ph\u1ea3i \u0111\u00f2i n\u1ee3 ng\u01b0\u1eddi kh\u00e1c, hay nh\u1eadn t\u00e0i s\u1ea3n th\u1eeba k\u1ebf ho\u1eb7c mu\u1ed1n l\u1eadp di ch\u00fac cho ng\u01b0\u1eddi th\u00e2n c\u1ee7a h\u1ecd, v.v. T\u1ea5t c\u1ea3 nh\u1eefng v\u1ea5n \u0111\u1ec1 n\u00e0y \u0111\u1ec1u [&hellip;]<\/p>\n","protected":false},"author":1,"featured_media":0,"parent":0,"menu_order":0,"comment_status":"closed","ping_status":"closed","template":"","meta":{"hide_page_title":"","_coblocks_attr":"","_coblocks_dimensions":"","_coblocks_responsive_height":"","_coblocks_accordion_ie_support":"","footnotes":""},"class_list":["post-300","page","type-page","status-publish","hentry"],"_links":{"self":[{"href":"https:\/\/benalmadenaasesores.es\/index.php?rest_route=\/wp\/v2\/pages\/300","targetHints":{"allow":["GET"]}}],"collection":[{"href":"https:\/\/benalmadenaasesores.es\/index.php?rest_route=\/wp\/v2\/pages"}],"about":[{"href":"https:\/\/benalmadenaasesores.es\/index.php?rest_route=\/wp\/v2\/types\/page"}],"author":[{"embeddable":true,"href":"https:\/\/benalmadenaasesores.es\/index.php?rest_route=\/wp\/v2\/users\/1"}],"replies":[{"embeddable":true,"href":"https:\/\/benalmadenaasesores.es\/index.php?rest_route=%2Fwp%2Fv2%2Fcomments&post=300"}],"version-history":[{"count":3,"href":"https:\/\/benalmadenaasesores.es\/index.php?rest_route=\/wp\/v2\/pages\/300\/revisions"}],"predecessor-version":[{"id":370,"href":"https:\/\/benalmadenaasesores.es\/index.php?rest_route=\/wp\/v2\/pages\/300\/revisions\/370"}],"wp:attachment":[{"href":"https:\/\/benalmadenaasesores.es\/index.php?rest_route=%2Fwp%2Fv2%2Fmedia&parent=300"}],"curies":[{"name":"wp","href":"https:\/\/api.w.org\/{rel}","templated":true}]}}