{"id":315,"date":"2022-11-24T08:46:40","date_gmt":"2022-11-24T08:46:40","guid":{"rendered":"http:\/\/www.benalmadenaasesores.es\/?page_id=315"},"modified":"2022-11-24T17:47:16","modified_gmt":"2022-11-24T17:47:16","slug":"ley-blanqueo-capitales","status":"publish","type":"page","link":"https:\/\/benalmadenaasesores.es\/?page_id=315","title":{"rendered":"LEY BLANQUEO CAPITALES"},"content":{"rendered":"\n<p class=\"coblocks-animate\" data-coblocks-animation=\"slideInLeft\"><strong>BENALMADENA ASESORES<\/strong> est\u00e1 muy comprometida con las leyes y pone especial intereses en que se cumplan. Este es el caso de la Ley de Blanqueo de Capitales y financiaci\u00f3n del terrorismo Ley 10\/2010 de 28 de abril y que entr\u00f3 en vigor en Espa\u00f1a el 30 de abril de 2010 y que recientemente ha sido modificada por el Real Decreto-Ley 7\/2021 de 27 de abril.<\/p>\n\n\n\n<p>Todas las operaciones que hacemos con nuestros clientes <strong>cumplen con la Ley<\/strong> de Blanqueo de Capitales y para ello comprobamos todos los datos econ\u00f3micos y personales de nuestro cliente para poder justificar la operaci\u00f3n que estamos haciendo. Nosotros como profesionales estamos obligados por Ley a custodiar toda la documentaci\u00f3n al menos diez a\u00f1os. Tambi\u00e9n estamos obligados a informar a las autoridades de cualquier indicio que podamos observar en aquellas operaciones en la que intervengamos. Todo esto hace que nuestro despacho vigile y est\u00e9 alerta para evitar incumplir la Ley de Blanqueo de Capitales.<\/p>\n\n\n<div class=\"wp-block-image\">\n<figure class=\"aligncenter size-large is-resized coblocks-animate\" data-coblocks-animation=\"slideInBottom\"><img loading=\"lazy\" decoding=\"async\" src=\"http:\/\/www.benalmadenaasesores.es\/wp-content\/uploads\/2022\/11\/DINERO-1024x640.jpg\" alt=\"\" class=\"wp-image-316\" width=\"427\" height=\"267\" srcset=\"https:\/\/benalmadenaasesores.es\/wp-content\/uploads\/2022\/11\/DINERO-1024x640.jpg 1024w, https:\/\/benalmadenaasesores.es\/wp-content\/uploads\/2022\/11\/DINERO-300x188.jpg 300w, https:\/\/benalmadenaasesores.es\/wp-content\/uploads\/2022\/11\/DINERO-768x480.jpg 768w, https:\/\/benalmadenaasesores.es\/wp-content\/uploads\/2022\/11\/DINERO.jpg 1200w\" sizes=\"auto, (max-width: 427px) 100vw, 427px\" \/><\/figure>\n<\/div>\n\n\n<p>Puede pedir informaci\u00f3n desde aqu\u00ed indicando sus datos:.<\/p>\n\n\n\n<div class=\"wp-block-contact-form-7-contact-form-selector\"><div role=\"form\" class=\"wpcf7\" id=\"wpcf7-f106-o1\" lang=\"es-ES\" dir=\"ltr\">\n<div class=\"screen-reader-response\"><p role=\"status\" aria-live=\"polite\" aria-atomic=\"true\"><\/p> <ul><\/ul><\/div>\n<form action=\"\/index.php?rest_route=%2Fwp%2Fv2%2Fpages%2F315#wpcf7-f106-o1\" method=\"post\" class=\"wpcf7-form init\" novalidate=\"novalidate\" data-status=\"init\">\n<div style=\"display: none;\">\n<input type=\"hidden\" name=\"_wpcf7\" value=\"106\" \/>\n<input type=\"hidden\" name=\"_wpcf7_version\" value=\"5.6.4\" \/>\n<input type=\"hidden\" name=\"_wpcf7_locale\" value=\"es_ES\" \/>\n<input type=\"hidden\" name=\"_wpcf7_unit_tag\" value=\"wpcf7-f106-o1\" \/>\n<input type=\"hidden\" name=\"_wpcf7_container_post\" value=\"0\" \/>\n<input type=\"hidden\" name=\"_wpcf7_posted_data_hash\" value=\"\" \/>\n<\/div>\n<p><label> Nombre<br \/>\n    <span class=\"wpcf7-form-control-wrap\" data-name=\"your-name\"><input type=\"text\" name=\"your-name\" value=\"\" size=\"40\" class=\"wpcf7-form-control wpcf7-text wpcf7-validates-as-required\" aria-required=\"true\" aria-invalid=\"false\" \/><\/span> <\/label><br \/>\n<label> Direcci\u00f3n<br \/>\n   <span class=\"wpcf7-form-control-wrap\" data-name=\"direccion\"><input type=\"text\" name=\"direccion\" value=\"\" size=\"40\" class=\"wpcf7-form-control wpcf7-text wpcf7-validates-as-required\" aria-required=\"true\" aria-invalid=\"false\" \/><\/span> <\/label><br \/>\n<label> Tu correo electr\u00f3nico<br \/>\n    <span class=\"wpcf7-form-control-wrap\" data-name=\"your-email\"><input type=\"email\" name=\"your-email\" value=\"\" size=\"40\" class=\"wpcf7-form-control wpcf7-text wpcf7-email wpcf7-validates-as-required wpcf7-validates-as-email\" aria-required=\"true\" aria-invalid=\"false\" \/><\/span> <\/label><br \/>\n<label> Qu\u00e9 consulta quiere realizar:<br \/>\n    <span class=\"wpcf7-form-control-wrap\" data-name=\"your-message\"><textarea name=\"your-message\" cols=\"40\" rows=\"10\" class=\"wpcf7-form-control wpcf7-textarea\" aria-invalid=\"false\"><\/textarea><\/span> <\/label><br \/>\n<input type=\"submit\" value=\"Enviar\" class=\"wpcf7-form-control has-spinner wpcf7-submit\" \/><\/p>\n<div class=\"wpcf7-response-output\" aria-hidden=\"true\"><\/div><\/form><\/div><\/div>\n","protected":false},"excerpt":{"rendered":"<p>BENALMADENA ASESORES est\u00e1 muy comprometida con las leyes y pone especial intereses en que se cumplan. Este es el caso de la Ley de Blanqueo de Capitales y financiaci\u00f3n del terrorismo Ley 10\/2010 de 28 de abril y que entr\u00f3 en vigor en Espa\u00f1a el 30 de abril de 2010 y que recientemente ha sido [&hellip;]<\/p>\n","protected":false},"author":1,"featured_media":0,"parent":0,"menu_order":0,"comment_status":"closed","ping_status":"closed","template":"","meta":{"hide_page_title":"","_coblocks_attr":"","_coblocks_dimensions":"","_coblocks_responsive_height":"","_coblocks_accordion_ie_support":"","footnotes":""},"class_list":["post-315","page","type-page","status-publish","hentry"],"_links":{"self":[{"href":"https:\/\/benalmadenaasesores.es\/index.php?rest_route=\/wp\/v2\/pages\/315","targetHints":{"allow":["GET"]}}],"collection":[{"href":"https:\/\/benalmadenaasesores.es\/index.php?rest_route=\/wp\/v2\/pages"}],"about":[{"href":"https:\/\/benalmadenaasesores.es\/index.php?rest_route=\/wp\/v2\/types\/page"}],"author":[{"embeddable":true,"href":"https:\/\/benalmadenaasesores.es\/index.php?rest_route=\/wp\/v2\/users\/1"}],"replies":[{"embeddable":true,"href":"https:\/\/benalmadenaasesores.es\/index.php?rest_route=%2Fwp%2Fv2%2Fcomments&post=315"}],"version-history":[{"count":4,"href":"https:\/\/benalmadenaasesores.es\/index.php?rest_route=\/wp\/v2\/pages\/315\/revisions"}],"predecessor-version":[{"id":423,"href":"https:\/\/benalmadenaasesores.es\/index.php?rest_route=\/wp\/v2\/pages\/315\/revisions\/423"}],"wp:attachment":[{"href":"https:\/\/benalmadenaasesores.es\/index.php?rest_route=%2Fwp%2Fv2%2Fmedia&parent=315"}],"curies":[{"name":"wp","href":"https:\/\/api.w.org\/{rel}","templated":true}]}}