{"id":344,"date":"2022-11-24T10:36:39","date_gmt":"2022-11-24T10:36:39","guid":{"rendered":"http:\/\/www.benalmadenaasesores.es\/?page_id=344"},"modified":"2022-11-24T15:08:59","modified_gmt":"2022-11-24T15:08:59","slug":"luat-chong-rua-tien","status":"publish","type":"page","link":"https:\/\/benalmadenaasesores.es\/?page_id=344&lang=vi","title":{"rendered":"Lu\u1eadt ch\u1ed1ng r\u1eeda ti\u1ec1n"},"content":{"rendered":"\n<p>BENALMADENA ASESORES cam k\u1ebft tuy\u1ec7t \u0111\u1ed1i tu\u00e2n th\u1ee7 lu\u1eadt ph\u00e1p v\u00e0 \u0111\u1eb7c bi\u1ec7t l\u01b0u t\u00e2m \u0111\u1ebfn vi\u1ec7c lu\u1eadt ph\u00e1p lu\u00f4n \u0111\u01b0\u1ee3c tu\u00e2n th\u1ee7 nghi\u00eam ng\u1eb7t. \u0110i\u1ec1u Lu\u1eadt 10\/2010 ng\u00e0y 28 th\u00e1ng 4 l\u00e0 Lu\u1eadt ch\u1ed1ng r\u1eeda ti\u1ec1n v\u00e0 t\u00e0i tr\u1ee3 kh\u1ee7ng b\u1ed1, c\u00f3 hi\u1ec7u l\u1ef1c \u1edf T\u00e2y Ban Nha v\u00e0o ng\u00e0y 30 th\u00e1ng 4 n\u0103m 2010 v\u00e0 g\u1ea7n \u0111\u00e2y \u0111\u00e3 \u0111\u01b0\u1ee3c s\u1eeda \u0111\u1ed5i b\u1edfi Ngh\u1ecb \u0111\u1ecbnh-Lu\u1eadt Ho\u00e0ng gia 7\/2021 ng\u00e0y 27 th\u00e1ng 4.<\/p>\n\n\n\n<p>T\u1ea5t c\u1ea3 c\u00e1c ho\u1ea1t \u0111\u1ed9ng ch\u00fang t\u00f4i th\u1ef1c hi\u1ec7n v\u1edbi kh\u00e1ch h\u00e0ng c\u1ee7a m\u00ecnh \u0111\u1ec1u tu\u00e2n th\u1ee7 Lu\u1eadt R\u1eeda ti\u1ec1n n\u00f3i tr\u00ean, do \u0111\u00f3 ch\u00fang t\u00f4i lu\u00f4n ki\u1ec3m tra t\u1ea5t c\u1ea3 d\u1eef li\u1ec7u kinh t\u1ebf v\u00e0 c\u00e1 nh\u00e2n c\u1ee7a kh\u00e1ch h\u00e0ng nh\u1eb1m minh ch\u1ee9ng cho ho\u1ea1t \u0111\u1ed9ng ch\u00fang t\u00f4i \u0111ang th\u1ef1c hi\u1ec7n. V\u1edbi t\u01b0 c\u00e1ch l\u00e0 nh\u1eefng chuy\u00ean gia, ch\u00fang t\u00f4i \u0111\u01b0\u1ee3c ph\u00e1p lu\u1eadt y\u00eau c\u1ea7u l\u01b0u gi\u1eef t\u1ea5t c\u1ea3 c\u00e1c t\u00e0i li\u1ec7u trong \u00edt nh\u1ea5t m\u01b0\u1eddi n\u0103m. Ch\u00fang t\u00f4i c\u0169ng c\u00f3 ngh\u0129a v\u1ee5 th\u00f4ng b\u00e1o cho c\u00e1c c\u01a1 quan c\u00f3 th\u1ea9m quy\u1ec1n v\u1ec1 b\u1ea5t k\u1ef3 d\u1ea5u hi\u1ec7u ng\u1edd v\u1ef1c n\u00e0o m\u00e0 ch\u00fang t\u00f4i quan s\u00e1t th\u1ea5y trong qu\u00e1 tr\u00ecnh ho\u1ea1t \u0111\u1ed9ng c\u1ee7a m\u00ecnh. T\u1ea5t c\u1ea3 \u0111i\u1ec1u n\u00e0y t\u1ea1o cho c\u00f4ng ty c\u1ee7a ch\u00fang t\u00f4i lu\u00f4n th\u1eadn tr\u1ecdng v\u00e0 c\u1ea3nh gi\u00e1c \u0111\u1ec3 tr\u00e1nh vi ph\u1ea1m Lu\u1eadt R\u1eeda ti\u1ec1n.<\/p>\n\n\n<div class=\"wp-block-image\">\n<figure class=\"aligncenter size-large is-resized\"><img loading=\"lazy\" decoding=\"async\" src=\"http:\/\/www.benalmadenaasesores.es\/wp-content\/uploads\/2022\/11\/DINERO-1024x640.jpg\" alt=\"\" class=\"wp-image-316\" width=\"478\" height=\"299\" srcset=\"https:\/\/benalmadenaasesores.es\/wp-content\/uploads\/2022\/11\/DINERO-1024x640.jpg 1024w, https:\/\/benalmadenaasesores.es\/wp-content\/uploads\/2022\/11\/DINERO-300x188.jpg 300w, https:\/\/benalmadenaasesores.es\/wp-content\/uploads\/2022\/11\/DINERO-768x480.jpg 768w, https:\/\/benalmadenaasesores.es\/wp-content\/uploads\/2022\/11\/DINERO.jpg 1200w\" sizes=\"auto, (max-width: 478px) 100vw, 478px\" \/><\/figure>\n<\/div>\n\n\n<p>N\u1ebfu b\u1ea1n c\u1ea7n \u0111\u01b0\u1ee3c t\u01b0 v\u1ea5n, xin vui l\u00f2ng \u0111i\u1ec1n v\u00e0o d\u1eef li\u1ec7u d\u01b0\u1edbi \u0111\u00e2y:<\/p>\n\n\n\n<div class=\"wp-block-contact-form-7-contact-form-selector\"><div role=\"form\" class=\"wpcf7\" id=\"wpcf7-f361-o1\" lang=\"es-ES\" dir=\"ltr\">\n<div class=\"screen-reader-response\"><p role=\"status\" aria-live=\"polite\" aria-atomic=\"true\"><\/p> <ul><\/ul><\/div>\n<form action=\"\/index.php?rest_route=%2Fwp%2Fv2%2Fpages%2F344#wpcf7-f361-o1\" method=\"post\" class=\"wpcf7-form init\" novalidate=\"novalidate\" data-status=\"init\">\n<div style=\"display: none;\">\n<input type=\"hidden\" name=\"_wpcf7\" value=\"361\" \/>\n<input type=\"hidden\" name=\"_wpcf7_version\" value=\"5.6.4\" \/>\n<input type=\"hidden\" name=\"_wpcf7_locale\" value=\"es_ES\" \/>\n<input type=\"hidden\" name=\"_wpcf7_unit_tag\" value=\"wpcf7-f361-o1\" \/>\n<input type=\"hidden\" name=\"_wpcf7_container_post\" value=\"0\" \/>\n<input type=\"hidden\" name=\"_wpcf7_posted_data_hash\" value=\"\" \/>\n<\/div>\n<p><label> T\u00ean:<br \/>\n    <span class=\"wpcf7-form-control-wrap\" data-name=\"your-name\"><input type=\"text\" name=\"your-name\" value=\"\" size=\"40\" class=\"wpcf7-form-control wpcf7-text wpcf7-validates-as-required\" aria-required=\"true\" aria-invalid=\"false\" \/><\/span> <\/label><\/p>\n<p><label> \u0110\u1ecba ch\u1ec9:<br \/>\n    <span class=\"wpcf7-form-control-wrap\" data-name=\"direccion\"><input type=\"text\" name=\"direccion\" value=\"\" size=\"40\" class=\"wpcf7-form-control wpcf7-text wpcf7-validates-as-required\" aria-required=\"true\" aria-invalid=\"false\" \/><\/span> <\/label><\/p>\n<p><label> Email:<br \/>\n    <span class=\"wpcf7-form-control-wrap\" data-name=\"your-email\"><input type=\"email\" name=\"your-email\" value=\"\" size=\"40\" class=\"wpcf7-form-control wpcf7-text wpcf7-email wpcf7-validates-as-required wpcf7-validates-as-email\" aria-required=\"true\" aria-invalid=\"false\" \/><\/span> <\/label><\/p>\n<p><label> Th\u00f4ng tin c\u1ea7n t\u01b0 v\u1ea5n :<br \/>\n    <span class=\"wpcf7-form-control-wrap\" data-name=\"your-message\"><textarea name=\"your-message\" cols=\"40\" rows=\"10\" class=\"wpcf7-form-control wpcf7-textarea\" aria-invalid=\"false\"><\/textarea><\/span> <\/label><\/p>\n<p>T\u00f4i ch\u1ea5p nh\u1eadn th\u00f4ng b\u00e1o ph\u00e1p l\u00fd\/ch\u00ednh s\u00e1ch b\u1ea3o m\u1eadt<\/p>\n<p><input type=\"submit\" value=\"G\u1eedi y\u00eau c\u1ea7u t\u01b0 v\u1ea5n\" class=\"wpcf7-form-control has-spinner wpcf7-submit\" \/><\/p>\n<div class=\"wpcf7-response-output\" aria-hidden=\"true\"><\/div><\/form><\/div><\/div>\n","protected":false},"excerpt":{"rendered":"<p>BENALMADENA ASESORES cam k\u1ebft tuy\u1ec7t \u0111\u1ed1i tu\u00e2n th\u1ee7 lu\u1eadt ph\u00e1p v\u00e0 \u0111\u1eb7c bi\u1ec7t l\u01b0u t\u00e2m \u0111\u1ebfn vi\u1ec7c lu\u1eadt ph\u00e1p lu\u00f4n \u0111\u01b0\u1ee3c tu\u00e2n th\u1ee7 nghi\u00eam ng\u1eb7t. \u0110i\u1ec1u Lu\u1eadt 10\/2010 ng\u00e0y 28 th\u00e1ng 4 l\u00e0 Lu\u1eadt ch\u1ed1ng r\u1eeda ti\u1ec1n v\u00e0 t\u00e0i tr\u1ee3 kh\u1ee7ng b\u1ed1, c\u00f3 hi\u1ec7u l\u1ef1c \u1edf T\u00e2y Ban Nha v\u00e0o ng\u00e0y 30 th\u00e1ng 4 n\u0103m [&hellip;]<\/p>\n","protected":false},"author":1,"featured_media":0,"parent":0,"menu_order":0,"comment_status":"closed","ping_status":"closed","template":"","meta":{"hide_page_title":"","_coblocks_attr":"","_coblocks_dimensions":"","_coblocks_responsive_height":"","_coblocks_accordion_ie_support":"","footnotes":""},"class_list":["post-344","page","type-page","status-publish","hentry"],"_links":{"self":[{"href":"https:\/\/benalmadenaasesores.es\/index.php?rest_route=\/wp\/v2\/pages\/344","targetHints":{"allow":["GET"]}}],"collection":[{"href":"https:\/\/benalmadenaasesores.es\/index.php?rest_route=\/wp\/v2\/pages"}],"about":[{"href":"https:\/\/benalmadenaasesores.es\/index.php?rest_route=\/wp\/v2\/types\/page"}],"author":[{"embeddable":true,"href":"https:\/\/benalmadenaasesores.es\/index.php?rest_route=\/wp\/v2\/users\/1"}],"replies":[{"embeddable":true,"href":"https:\/\/benalmadenaasesores.es\/index.php?rest_route=%2Fwp%2Fv2%2Fcomments&post=344"}],"version-history":[{"count":4,"href":"https:\/\/benalmadenaasesores.es\/index.php?rest_route=\/wp\/v2\/pages\/344\/revisions"}],"predecessor-version":[{"id":369,"href":"https:\/\/benalmadenaasesores.es\/index.php?rest_route=\/wp\/v2\/pages\/344\/revisions\/369"}],"wp:attachment":[{"href":"https:\/\/benalmadenaasesores.es\/index.php?rest_route=%2Fwp%2Fv2%2Fmedia&parent=344"}],"curies":[{"name":"wp","href":"https:\/\/api.w.org\/{rel}","templated":true}]}}