{"id":349,"date":"2022-11-24T10:41:04","date_gmt":"2022-11-24T10:41:04","guid":{"rendered":"http:\/\/www.benalmadenaasesores.es\/?page_id=349"},"modified":"2022-11-24T10:58:44","modified_gmt":"2022-11-24T10:58:44","slug":"home-vi","status":"publish","type":"page","link":"https:\/\/benalmadenaasesores.es\/?page_id=349&lang=vi","title":{"rendered":"Home Vi"},"content":{"rendered":"\n<p id=\"block-4df0abd3-7db8-4084-bb1e-1af79588ae60\">\u0110\u00e3 c\u00f3 h\u01a1n 3.000 h\u1ed3 s\u01a1 cho ng\u01b0\u1eddi n\u01b0\u1edbc ngo\u00e0i \u0111\u01b0\u1ee3c x\u1eed l\u00fd cho \u0111\u1ebfn th\u00e1ng 5 n\u0103m 2022<\/p>\n\n\n\n<p class=\"has-primary-to-tertiary-gradient-background has-text-color has-background\" id=\"block-d4075e6b-26f0-4d59-b9c3-4ee37858bb5d\" style=\"color:#102d94;padding-top:var(--wp--preset--spacing--20);padding-right:var(--wp--preset--spacing--20);padding-bottom:var(--wp--preset--spacing--20);padding-left:var(--wp--preset--spacing--20)\">CH\u00daNG T\u00d4I L\u00c0 C\u1ed8NG T\u00c1C VI\u00caN CH\u00cdNH TH\u1ed0NG \u0110\u01af\u1ee2C CH\u00cdNH QUY\u1ec0N C\u00d4NG NH\u1eacN<\/p>\n\n\n\n<p><strong>C\u00d4NG TY LU<\/strong>\u1eac<strong>T CHUY\u00caN GIA V<\/strong>\u1ec0<strong>&nbsp; LU<\/strong>\u1eac<strong>T B\u1ea2O V<\/strong>\u1ec6<strong> QUY<\/strong>\u1ec0<strong>N L<\/strong>\u1ee2<strong>I C\u1ee6A NG\u01af\u1edcI NGO\u00c0I N\u01af\u1edaC<\/strong><\/p>\n\n\n\n<p>H\u00c3Y CHO CH\u00daNG T\u00d4I BI\u1ebeT B\u1ea0N CH\u1eccN \u0110I\u1ec2M \u0110\u1ebeN N\u00c0O T\u1ea0I T\u00c2Y BAN NHA V\u00c0 CH\u00daNG T\u00d4I S\u1ebc GI\u00daP B\u1ea0N BI\u1ebeN \u0110\u1ea4T N\u01af\u1edaC N\u00c0Y TH\u00c0NH NG\u00d4I NH\u00c0 M\u1edaI C\u1ee6A B\u1ea0N.<\/p>\n\n\n\n<p>CH\u00daNG T\u00d4I C\u00d3 KH\u1ea2 N\u0102NG GI\u00daP B\u1ea0N \u0110\u1ea0T \u0110\u01af\u1ee2C TH\u1eca TH\u1ef0C NH\u1eacP C\u1ea2NH HO\u1eb6C TH\u1eba TH\u01af\u1edcNG TR\u00da T\u1ed0T NH\u1ea4T, PH\u00d9 H\u1ee2P NH\u1ea4T V\u1edaI NHU C\u1ea6U C\u1ee6A B\u1ea0N \u0110\u1ec2 B\u1ea0N C\u00d3 TH\u1ec2 S\u1ed0NG, H\u1eccC T\u1eacP HO\u1eb6C L\u00c0M VI\u1ec6C C\u00d9NG V\u1edaI GIA \u0110\u00ccNH C\u1ee6A M\u00ccNH.<\/p>\n\n\n\n<p>CH\u00daNG T\u00d4I S\u1ebc \u0110\u00d3NG VAI TR\u00d2 NG\u01af\u1edcI H\u01af\u1edaNG D\u1eaaN, CUNG C\u1ea4P CHO B\u1ea0N TH\u00d4NG TIN M\u1ed8T C\u00c1CH CHI TI\u1ebeT \u0110\u1ec2 B\u1ea0N C\u00d3 TH\u1ec2 \u0110\u1ea0T \u0110\u01af\u1ee2C TH\u1eba TH\u01af\u1edcNG TR\u00da V\u1edaI CHI PH\u00cd TH\u1ea4P NH\u1ea4T V\u00cc PH\u1ea6N L\u1edaN C\u1ee6A C\u00c1C TH\u1ee6 T\u1ee4C C\u1ee6A CH\u00daNG T\u00d4I L\u00c0 TH\u00d4NG QUA \u0110I\u1ec6N THO\u1ea0I.<\/p>\n\n\n\n<p>H\u00c3Y LI\u00caN H\u1ec6 V\u1edaI CH\u00daNG T\u00d4I V\u00c0 CH\u00daNG T\u00d4I S\u1ebc R\u1ea4T H\u00c2N H\u1ea0NH \u0110\u01af\u1ee2C GI\u00daP B\u1ea0N.<\/p>\n","protected":false},"excerpt":{"rendered":"<p>\u0110\u00e3 c\u00f3 h\u01a1n 3.000 h\u1ed3 s\u01a1 cho ng\u01b0\u1eddi n\u01b0\u1edbc ngo\u00e0i \u0111\u01b0\u1ee3c x\u1eed l\u00fd cho \u0111\u1ebfn th\u00e1ng 5 n\u0103m 2022 CH\u00daNG T\u00d4I L\u00c0 C\u1ed8NG T\u00c1C VI\u00caN CH\u00cdNH TH\u1ed0NG \u0110\u01af\u1ee2C CH\u00cdNH QUY\u1ec0N C\u00d4NG NH\u1eacN C\u00d4NG TY LU\u1eacT CHUY\u00caN GIA V\u1ec0&nbsp; LU\u1eacT B\u1ea2O V\u1ec6 QUY\u1ec0N L\u1ee2I C\u1ee6A NG\u01af\u1edcI NGO\u00c0I N\u01af\u1edaC H\u00c3Y CHO CH\u00daNG T\u00d4I BI\u1ebeT B\u1ea0N CH\u1eccN \u0110I\u1ec2M [&hellip;]<\/p>\n","protected":false},"author":1,"featured_media":0,"parent":0,"menu_order":0,"comment_status":"closed","ping_status":"closed","template":"","meta":{"hide_page_title":"","_coblocks_attr":"","_coblocks_dimensions":"","_coblocks_responsive_height":"","_coblocks_accordion_ie_support":"","footnotes":""},"class_list":["post-349","page","type-page","status-publish","hentry"],"_links":{"self":[{"href":"https:\/\/benalmadenaasesores.es\/index.php?rest_route=\/wp\/v2\/pages\/349","targetHints":{"allow":["GET"]}}],"collection":[{"href":"https:\/\/benalmadenaasesores.es\/index.php?rest_route=\/wp\/v2\/pages"}],"about":[{"href":"https:\/\/benalmadenaasesores.es\/index.php?rest_route=\/wp\/v2\/types\/page"}],"author":[{"embeddable":true,"href":"https:\/\/benalmadenaasesores.es\/index.php?rest_route=\/wp\/v2\/users\/1"}],"replies":[{"embeddable":true,"href":"https:\/\/benalmadenaasesores.es\/index.php?rest_route=%2Fwp%2Fv2%2Fcomments&post=349"}],"version-history":[{"count":4,"href":"https:\/\/benalmadenaasesores.es\/index.php?rest_route=\/wp\/v2\/pages\/349\/revisions"}],"predecessor-version":[{"id":358,"href":"https:\/\/benalmadenaasesores.es\/index.php?rest_route=\/wp\/v2\/pages\/349\/revisions\/358"}],"wp:attachment":[{"href":"https:\/\/benalmadenaasesores.es\/index.php?rest_route=%2Fwp%2Fv2%2Fmedia&parent=349"}],"curies":[{"name":"wp","href":"https:\/\/api.w.org\/{rel}","templated":true}]}}