{"id":77,"date":"2022-11-21T17:20:00","date_gmt":"2022-11-21T17:20:00","guid":{"rendered":"http:\/\/www.benalmadenaasesores.es\/?page_id=77"},"modified":"2022-11-24T15:57:55","modified_gmt":"2022-11-24T15:57:55","slug":"nuestro-despacho","status":"publish","type":"page","link":"https:\/\/benalmadenaasesores.es\/?page_id=77","title":{"rendered":"NUESTRO DESPACHO"},"content":{"rendered":"\n<p class=\"has-tertiary-color has-primary-background-color has-text-color has-background has-arial-font-family has-medium-font-size has-custom-font has-custom-lineheight has-custom-letterspacing\" style=\"padding-top:var(--wp--preset--spacing--20);padding-right:var(--wp--preset--spacing--20);padding-bottom:var(--wp--preset--spacing--20);padding-left:var(--wp--preset--spacing--20);font-family:Arial;line-height:2.07;letter-spacing:-0.5px\">Mas de 3.000 expedientes de extranjeros tramitados hasta mayo de 2022<\/p>\n\n\n\n<p><\/p>\n\n\n\n<p class=\"has-small-font-size\" style=\"padding-top:var(--wp--preset--spacing--20);padding-right:var(--wp--preset--spacing--20);padding-bottom:var(--wp--preset--spacing--20);padding-left:var(--wp--preset--spacing--20)\"><strong>BENALMADENA ASESORES<\/strong> lleva mas de 20 a\u00f1os asesorando a nuestros clientes en asuntos como Derecho Inmobiliario, Derecho de Extranjer\u00eda, Derecho Mercantil, Derecho Administrativo y Derecho Civil. Tenemos bastante experiencia en estas materias y un gran compromiso con nuestros clientes, manteniendo una relaci\u00f3n personalizada y de confianza, asesorando y dando informaci\u00f3n pr\u00e1ctica sobre los asuntos que nos plantean.<\/p>\n\n\n\n<p><\/p>\n\n\n\n<p class=\"coblocks-animate\" data-coblocks-animation=\"slideInLeft\">Materias como en<strong> Derecho de Extranjer\u00eda<\/strong>, si quieren tener una tarjeta de inversor conocida como \u201c<strong>Golden Visa<\/strong>\u201d para \u00e9l y su familia, y quieren que les asesoramos y saber cuales son los requisitos que tienen que tener para poder tenerla. Que impuestos tienen que presentar y cuanto tienen que pagar en sus declaraciones. Realizamos todo tipo de solicitudes de residencia, estancia y nacionalidad: arraigo social, arraigo laboral, arraigo familiar, arraigo por razones humanitarias, solicitud y renovaci\u00f3n de tarjetas de familiar comunitario, solicitud, modificaci\u00f3n, renovaci\u00f3n de tarjetas de trabajo por cuenta ajena familiar, reagrupaci\u00f3n familiar, solicitud de carta de invitaci\u00f3n, solicitud de autorizaci\u00f3n de regreso, etc.<\/p>\n\n\n\n<p><\/p>\n\n\n\n<p>Otras cuestiones como en <strong>Derecho Civil<\/strong> sobre asuntos de responsabilidad, si nuestros clientes tienen alg\u00fan accidente y quieren reclamar, y quieren saber que tiene que hacer. Una herencia que reciban y quieren saber que tr\u00e1mites deben de hacer si quieren aceptar la herencia o renunciar. Reclamar una cantidad a otra persona por una deuda, etc. Todas estas cuestiones nosotros damos soluciones reales a ellas para satisfacer sus intereses.<\/p>\n\n\n\n<p><\/p>\n\n\n\n<p>En materia de <strong>Derecho Mercantil<\/strong> nosotros podemos asesorar a nuestros clientes para saber que tipo de sociedad es la que mas les interesa, que documentos tienen que presentar para poder constituir en Notaria la empresa y que impuestos tienen que pagar. Como hacer los estatutos de la sociedad, etc.<\/p>\n\n\n\n<p>En Derecho Inmobiliario, nosotros asesoramos a nuestros clientes y formalizamos todos los documentos necesarios ( contrato de dep\u00f3sito, de se\u00f1al, arras, etc) para poder hacer la escritura de compraventa en Notaria y los acompa\u00f1os en todo momento en la firma. Luego una vez realizado la escritura de compraventa, hacemos todas las gestiones necesarias para los cambios de suministros: agua, luz, tel\u00e9fono, etc. y su domiciliaci\u00f3n bancaria.<\/p>\n\n\n\n<p><\/p>\n\n\n\n<p>Toda esta informaci\u00f3n nosotros la realizamos desde <strong>nuestro despacho<\/strong> ubicado en Torremolinos, donde se le atender\u00e1 y donde pueden contactar con nosotros para pedirnos cita bien por tel\u00e9fono o en nuestra propia p\u00e1gina web.<\/p>\n\n\n\n<p class=\"coblocks-animate\" data-coblocks-animation=\"slideInRight\">Nosotros somos conscientes que hoy en d\u00eda el mundo no tiene barreras y por eso trabajamos y damos servicios dentro y fuera de Espa\u00f1a a aquellos clientes que lo necesiten y nos pidan que les asesoremos para defender mejor sus intereses.<\/p>\n\n\n\n<figure class=\"wp-block-image size-large is-style-default coblocks-animate\" data-coblocks-animation=\"slideInRight\"><img loading=\"lazy\" decoding=\"async\" width=\"1024\" height=\"768\" src=\"http:\/\/www.benalmadenaasesores.es\/wp-content\/uploads\/2022\/11\/fachada-2-1024x768.jpg\" alt=\"\" class=\"wp-image-240\" srcset=\"https:\/\/benalmadenaasesores.es\/wp-content\/uploads\/2022\/11\/fachada-2-1024x768.jpg 1024w, https:\/\/benalmadenaasesores.es\/wp-content\/uploads\/2022\/11\/fachada-2-300x225.jpg 300w, https:\/\/benalmadenaasesores.es\/wp-content\/uploads\/2022\/11\/fachada-2-768x576.jpg 768w, https:\/\/benalmadenaasesores.es\/wp-content\/uploads\/2022\/11\/fachada-2-1536x1152.jpg 1536w, https:\/\/benalmadenaasesores.es\/wp-content\/uploads\/2022\/11\/fachada-2.jpg 2016w\" sizes=\"auto, (max-width: 1024px) 100vw, 1024px\" \/><\/figure>\n","protected":false},"excerpt":{"rendered":"<p>Mas de 3.000 expedientes de extranjeros tramitados hasta mayo de 2022 BENALMADENA ASESORES lleva mas de 20 a\u00f1os asesorando a nuestros clientes en asuntos como Derecho Inmobiliario, Derecho de Extranjer\u00eda, Derecho Mercantil, Derecho Administrativo y Derecho Civil. Tenemos bastante experiencia en estas materias y un gran compromiso con nuestros clientes, manteniendo una relaci\u00f3n personalizada y [&hellip;]<\/p>\n","protected":false},"author":1,"featured_media":0,"parent":0,"menu_order":0,"comment_status":"closed","ping_status":"closed","template":"","meta":{"hide_page_title":"","_coblocks_attr":"Arial","_coblocks_dimensions":"","_coblocks_responsive_height":"","_coblocks_accordion_ie_support":"","footnotes":""},"class_list":["post-77","page","type-page","status-publish","hentry"],"_links":{"self":[{"href":"https:\/\/benalmadenaasesores.es\/index.php?rest_route=\/wp\/v2\/pages\/77","targetHints":{"allow":["GET"]}}],"collection":[{"href":"https:\/\/benalmadenaasesores.es\/index.php?rest_route=\/wp\/v2\/pages"}],"about":[{"href":"https:\/\/benalmadenaasesores.es\/index.php?rest_route=\/wp\/v2\/types\/page"}],"author":[{"embeddable":true,"href":"https:\/\/benalmadenaasesores.es\/index.php?rest_route=\/wp\/v2\/users\/1"}],"replies":[{"embeddable":true,"href":"https:\/\/benalmadenaasesores.es\/index.php?rest_route=%2Fwp%2Fv2%2Fcomments&post=77"}],"version-history":[{"count":19,"href":"https:\/\/benalmadenaasesores.es\/index.php?rest_route=\/wp\/v2\/pages\/77\/revisions"}],"predecessor-version":[{"id":405,"href":"https:\/\/benalmadenaasesores.es\/index.php?rest_route=\/wp\/v2\/pages\/77\/revisions\/405"}],"wp:attachment":[{"href":"https:\/\/benalmadenaasesores.es\/index.php?rest_route=%2Fwp%2Fv2%2Fmedia&parent=77"}],"curies":[{"name":"wp","href":"https:\/\/api.w.org\/{rel}","templated":true}]}}