{"id":83,"date":"2022-11-21T17:21:25","date_gmt":"2022-11-21T17:21:25","guid":{"rendered":"http:\/\/www.benalmadenaasesores.es\/?page_id=83"},"modified":"2022-11-22T16:43:36","modified_gmt":"2022-11-22T16:43:36","slug":"derecho-de-extranjeria","status":"publish","type":"page","link":"https:\/\/benalmadenaasesores.es\/?page_id=83","title":{"rendered":"DERECHO DE EXTRANJERIA"},"content":{"rendered":"\n<p><strong>En Espa\u00f1a<\/strong> y en concreto en la Costa del Sol se concentra una gran numero de extranjeros que quieren vivir en Espa\u00f1a y en concreto en esta zona. Nosotros desde nuestro despacho podemos asesorarles para que puedan solicitar aquella tarjeta de residencia, de trabajo, de estudiante, etc que necesiten. Estamos muy comprometidos para ello y damos soluciones a nuestros clientes.<\/p>\n\n\n\n<p><\/p>\n\n\n\n<p><strong>Somos abogados especialistas en inmigraci\u00f3n y extranjer\u00eda<\/strong>. Creemos que toda persona tiene derecho a residir donde quiera y necesita recibir asesoramiento legal con garant\u00edas. Por esto animamos a que nos solicite informaci\u00f3n sobre su situaci\u00f3n y de este modo podemos ayudar a nuestros clientes.<\/p>\n\n\n\n<p><\/p>\n\n\n\n<p>Una de las formas de obtener una tarjeta que permita vivir en Espa\u00f1a y de trabajar es la tarjeta de inversor conocida como <strong><u>\u201c<\/u><\/strong><u><strong>GOLDEN VISA<\/strong><\/u><strong><u>\u201d<\/u><\/strong> para aquellos inversores que quieran invertir en propiedades que superen los 500.000\u20ac. Con esta tarjeta pueden residir y trabajar no solo el solicitante sino tambi\u00e9n su familia: c\u00f3nyuge y los hijos. Es una forma muy r\u00e1pida de obtener esa residencia legal que te permita vivir en Espa\u00f1a.\u00a0<\/p>\n\n\n\n<p><\/p>\n\n\n\n<p>Llevamos a cabo todo tipo de procedimientos para legalizar a cualquier extranjero que quiera venir a Espa\u00f1a para obtener una residencia, estancia y nacionalidad: arraigo social, arraigo laboral, arraigo familiar, arraigo por razones humanitarias, solicitud y renovaci\u00f3n de tarjetas de familiar comunitario, solicitud, modificaci\u00f3n, renovaci\u00f3n de tarjetas de tarjetas de trabajo por cuenta ajena familiar, reagrupaci\u00f3n familiar, solicitud de carta de invitaci\u00f3n, solicitud de autorizaci\u00f3n de regreso, etc.<\/p>\n\n\n\n<p><\/p>\n\n\n\n<p><\/p>\n\n\n\n<figure class=\"wp-block-gallery has-nested-images columns-default is-cropped wp-block-gallery-1 is-layout-flex wp-block-gallery-is-layout-flex\">\n<figure class=\"wp-block-image size-large coblocks-animate\" data-coblocks-animation=\"slideInRight\"><img loading=\"lazy\" decoding=\"async\" width=\"1024\" height=\"505\" data-id=\"131\" src=\"http:\/\/www.benalmadenaasesores.es\/wp-content\/uploads\/2022\/11\/pasaportes-1024x505.jpg\" alt=\"\" class=\"wp-image-131\" srcset=\"https:\/\/benalmadenaasesores.es\/wp-content\/uploads\/2022\/11\/pasaportes-1024x505.jpg 1024w, https:\/\/benalmadenaasesores.es\/wp-content\/uploads\/2022\/11\/pasaportes-300x148.jpg 300w, https:\/\/benalmadenaasesores.es\/wp-content\/uploads\/2022\/11\/pasaportes-768x379.jpg 768w, https:\/\/benalmadenaasesores.es\/wp-content\/uploads\/2022\/11\/pasaportes.jpg 1256w\" sizes=\"auto, (max-width: 1024px) 100vw, 1024px\" \/><\/figure>\n<\/figure>\n\n\n\n<p><\/p>\n\n\n\n<p><\/p>\n\n\n\n<p>Puede pedir informaci\u00f3n desde aqu\u00ed indicando sus datos:.<\/p>\n\n\n\n<div class=\"wp-block-contact-form-7-contact-form-selector\"><div role=\"form\" class=\"wpcf7\" id=\"wpcf7-f106-o1\" lang=\"es-ES\" dir=\"ltr\">\n<div class=\"screen-reader-response\"><p role=\"status\" aria-live=\"polite\" aria-atomic=\"true\"><\/p> <ul><\/ul><\/div>\n<form action=\"\/index.php?rest_route=%2Fwp%2Fv2%2Fpages%2F83#wpcf7-f106-o1\" method=\"post\" class=\"wpcf7-form init\" novalidate=\"novalidate\" data-status=\"init\">\n<div style=\"display: none;\">\n<input type=\"hidden\" name=\"_wpcf7\" value=\"106\" \/>\n<input type=\"hidden\" name=\"_wpcf7_version\" value=\"5.6.4\" \/>\n<input type=\"hidden\" name=\"_wpcf7_locale\" value=\"es_ES\" \/>\n<input type=\"hidden\" name=\"_wpcf7_unit_tag\" value=\"wpcf7-f106-o1\" \/>\n<input type=\"hidden\" name=\"_wpcf7_container_post\" value=\"0\" \/>\n<input type=\"hidden\" name=\"_wpcf7_posted_data_hash\" value=\"\" \/>\n<\/div>\n<p><label> Nombre<br \/>\n    <span class=\"wpcf7-form-control-wrap\" data-name=\"your-name\"><input type=\"text\" name=\"your-name\" value=\"\" size=\"40\" class=\"wpcf7-form-control wpcf7-text wpcf7-validates-as-required\" aria-required=\"true\" aria-invalid=\"false\" \/><\/span> <\/label><br \/>\n<label> Direcci\u00f3n<br \/>\n   <span class=\"wpcf7-form-control-wrap\" data-name=\"direccion\"><input type=\"text\" name=\"direccion\" value=\"\" size=\"40\" class=\"wpcf7-form-control wpcf7-text wpcf7-validates-as-required\" aria-required=\"true\" aria-invalid=\"false\" \/><\/span> <\/label><br \/>\n<label> Tu correo electr\u00f3nico<br \/>\n    <span class=\"wpcf7-form-control-wrap\" data-name=\"your-email\"><input type=\"email\" name=\"your-email\" value=\"\" size=\"40\" class=\"wpcf7-form-control wpcf7-text wpcf7-email wpcf7-validates-as-required wpcf7-validates-as-email\" aria-required=\"true\" aria-invalid=\"false\" \/><\/span> <\/label><br \/>\n<label> Qu\u00e9 consulta quiere realizar:<br \/>\n    <span class=\"wpcf7-form-control-wrap\" data-name=\"your-message\"><textarea name=\"your-message\" cols=\"40\" rows=\"10\" class=\"wpcf7-form-control wpcf7-textarea\" aria-invalid=\"false\"><\/textarea><\/span> <\/label><br \/>\n<input type=\"submit\" value=\"Enviar\" class=\"wpcf7-form-control has-spinner wpcf7-submit\" \/><\/p>\n<div class=\"wpcf7-response-output\" aria-hidden=\"true\"><\/div><\/form><\/div><\/div>\n","protected":false},"excerpt":{"rendered":"<p>En Espa\u00f1a y en concreto en la Costa del Sol se concentra una gran numero de extranjeros que quieren vivir en Espa\u00f1a y en concreto en esta zona. Nosotros desde nuestro despacho podemos asesorarles para que puedan solicitar aquella tarjeta de residencia, de trabajo, de estudiante, etc que necesiten. Estamos muy comprometidos para ello y [&hellip;]<\/p>\n","protected":false},"author":1,"featured_media":0,"parent":0,"menu_order":0,"comment_status":"closed","ping_status":"closed","template":"","meta":{"hide_page_title":"","_coblocks_attr":"","_coblocks_dimensions":"","_coblocks_responsive_height":"","_coblocks_accordion_ie_support":"","footnotes":""},"class_list":["post-83","page","type-page","status-publish","hentry"],"_links":{"self":[{"href":"https:\/\/benalmadenaasesores.es\/index.php?rest_route=\/wp\/v2\/pages\/83","targetHints":{"allow":["GET"]}}],"collection":[{"href":"https:\/\/benalmadenaasesores.es\/index.php?rest_route=\/wp\/v2\/pages"}],"about":[{"href":"https:\/\/benalmadenaasesores.es\/index.php?rest_route=\/wp\/v2\/types\/page"}],"author":[{"embeddable":true,"href":"https:\/\/benalmadenaasesores.es\/index.php?rest_route=\/wp\/v2\/users\/1"}],"replies":[{"embeddable":true,"href":"https:\/\/benalmadenaasesores.es\/index.php?rest_route=%2Fwp%2Fv2%2Fcomments&post=83"}],"version-history":[{"count":5,"href":"https:\/\/benalmadenaasesores.es\/index.php?rest_route=\/wp\/v2\/pages\/83\/revisions"}],"predecessor-version":[{"id":172,"href":"https:\/\/benalmadenaasesores.es\/index.php?rest_route=\/wp\/v2\/pages\/83\/revisions\/172"}],"wp:attachment":[{"href":"https:\/\/benalmadenaasesores.es\/index.php?rest_route=%2Fwp%2Fv2%2Fmedia&parent=83"}],"curies":[{"name":"wp","href":"https:\/\/api.w.org\/{rel}","templated":true}]}}