{"id":85,"date":"2022-11-21T17:21:45","date_gmt":"2022-11-21T17:21:45","guid":{"rendered":"http:\/\/www.benalmadenaasesores.es\/?page_id=85"},"modified":"2022-11-22T16:06:57","modified_gmt":"2022-11-22T16:06:57","slug":"derecho-inmobiliario","status":"publish","type":"page","link":"https:\/\/benalmadenaasesores.es\/?page_id=85","title":{"rendered":"DERECHO INMOBILIARIO"},"content":{"rendered":"\n<p class=\"coblocks-animate\" data-coblocks-animation=\"clipVertical\">Hoy en dia, Espa\u00f1a est\u00e1 incrementado las compras de inmuebles no solo por parte de los nacionales sino de muchos extranjeros que se est\u00e1n viniendo a Espa\u00f1a para comprar. Desde nuestro despacho nosotros somos conscientes de esta realidad y que nuestros clientes cuando deciden invertir en una propiedad quieren que les asesore muy bien para no tomar decisiones que despu\u00e9s puedan perjudicarles y es por este motivo por el que nosotros podemos ofrecerles todos los servicios necesarios para ello. <\/p>\n\n\n\n<p class=\"coblocks-animate\" data-coblocks-animation=\"clipHorizontal\">Un <strong>buen asesoramiento <\/strong>en el contrato bien de compra o de venta, un contrato de alquiler es muy importante saber qu\u00e9 derechos pueden tener y que obligaciones tiene que tener cuando firman la escritura y as\u00ed despu\u00e9s no tengan que acudir a la v\u00eda judicial porque no se haya acordado o concretado correctamente alguna clausula, ocasionando un perjuicio econ\u00f3mico y de tiempo al cliente y todo esto se puede evitar si se est\u00e1 bien asesorados por profesionales.<\/p>\n\n\n\n<p>Una vez formalizada la escritura de compra o de venta en la Notaria, nosotros hacemos <strong>todos los tr\u00e1mites<\/strong> necesarios para inscribirla como: liquidar los impuestos que hay que pagar y presentar, llevar al Registro la escritura, comunicar las plusval\u00edas al Municipio correspondiente y a la oficina del Catastro, etc.<\/p>\n\n\n\n<p>Nuestros clientes&nbsp; pueden&nbsp; estar tranquilos ya que est\u00e1n bien asesorados por un equipo de profesionales en la compra, venta o alquiler que van a hacer y no tendr\u00e1 problemas.<\/p>\n\n\n<div class=\"wp-block-image\">\n<figure class=\"aligncenter size-full coblocks-animate\" data-coblocks-animation=\"slideInLeft\"><img loading=\"lazy\" decoding=\"async\" width=\"300\" height=\"200\" src=\"http:\/\/www.benalmadenaasesores.es\/wp-content\/uploads\/2022\/11\/casa.jpg\" alt=\"\" class=\"wp-image-134\"\/><\/figure>\n<\/div>\n\n\n<p>Puede pedir informaci\u00f3n desde aqu\u00ed indicando sus datos:.<\/p>\n\n\n\n<div class=\"wp-block-contact-form-7-contact-form-selector\"><div role=\"form\" class=\"wpcf7\" id=\"wpcf7-f106-o1\" lang=\"es-ES\" dir=\"ltr\">\n<div class=\"screen-reader-response\"><p role=\"status\" aria-live=\"polite\" aria-atomic=\"true\"><\/p> <ul><\/ul><\/div>\n<form action=\"\/index.php?rest_route=%2Fwp%2Fv2%2Fpages%2F85#wpcf7-f106-o1\" method=\"post\" class=\"wpcf7-form init\" novalidate=\"novalidate\" data-status=\"init\">\n<div style=\"display: none;\">\n<input type=\"hidden\" name=\"_wpcf7\" value=\"106\" \/>\n<input type=\"hidden\" name=\"_wpcf7_version\" value=\"5.6.4\" \/>\n<input type=\"hidden\" name=\"_wpcf7_locale\" value=\"es_ES\" \/>\n<input type=\"hidden\" name=\"_wpcf7_unit_tag\" value=\"wpcf7-f106-o1\" \/>\n<input type=\"hidden\" name=\"_wpcf7_container_post\" value=\"0\" \/>\n<input type=\"hidden\" name=\"_wpcf7_posted_data_hash\" value=\"\" \/>\n<\/div>\n<p><label> Nombre<br \/>\n    <span class=\"wpcf7-form-control-wrap\" data-name=\"your-name\"><input type=\"text\" name=\"your-name\" value=\"\" size=\"40\" class=\"wpcf7-form-control wpcf7-text wpcf7-validates-as-required\" aria-required=\"true\" aria-invalid=\"false\" \/><\/span> <\/label><br \/>\n<label> Direcci\u00f3n<br \/>\n   <span class=\"wpcf7-form-control-wrap\" data-name=\"direccion\"><input type=\"text\" name=\"direccion\" value=\"\" size=\"40\" class=\"wpcf7-form-control wpcf7-text wpcf7-validates-as-required\" aria-required=\"true\" aria-invalid=\"false\" \/><\/span> <\/label><br \/>\n<label> Tu correo electr\u00f3nico<br \/>\n    <span class=\"wpcf7-form-control-wrap\" data-name=\"your-email\"><input type=\"email\" name=\"your-email\" value=\"\" size=\"40\" class=\"wpcf7-form-control wpcf7-text wpcf7-email wpcf7-validates-as-required wpcf7-validates-as-email\" aria-required=\"true\" aria-invalid=\"false\" \/><\/span> <\/label><br \/>\n<label> Qu\u00e9 consulta quiere realizar:<br \/>\n    <span class=\"wpcf7-form-control-wrap\" data-name=\"your-message\"><textarea name=\"your-message\" cols=\"40\" rows=\"10\" class=\"wpcf7-form-control wpcf7-textarea\" aria-invalid=\"false\"><\/textarea><\/span> <\/label><br \/>\n<input type=\"submit\" value=\"Enviar\" class=\"wpcf7-form-control has-spinner wpcf7-submit\" \/><\/p>\n<div class=\"wpcf7-response-output\" aria-hidden=\"true\"><\/div><\/form><\/div><\/div>\n","protected":false},"excerpt":{"rendered":"<p>Hoy en dia, Espa\u00f1a est\u00e1 incrementado las compras de inmuebles no solo por parte de los nacionales sino de muchos extranjeros que se est\u00e1n viniendo a Espa\u00f1a para comprar. Desde nuestro despacho nosotros somos conscientes de esta realidad y que nuestros clientes cuando deciden invertir en una propiedad quieren que les asesore muy bien para [&hellip;]<\/p>\n","protected":false},"author":1,"featured_media":0,"parent":0,"menu_order":0,"comment_status":"closed","ping_status":"closed","template":"","meta":{"hide_page_title":"","_coblocks_attr":"","_coblocks_dimensions":"","_coblocks_responsive_height":"","_coblocks_accordion_ie_support":"","footnotes":""},"class_list":["post-85","page","type-page","status-publish","hentry"],"_links":{"self":[{"href":"https:\/\/benalmadenaasesores.es\/index.php?rest_route=\/wp\/v2\/pages\/85","targetHints":{"allow":["GET"]}}],"collection":[{"href":"https:\/\/benalmadenaasesores.es\/index.php?rest_route=\/wp\/v2\/pages"}],"about":[{"href":"https:\/\/benalmadenaasesores.es\/index.php?rest_route=\/wp\/v2\/types\/page"}],"author":[{"embeddable":true,"href":"https:\/\/benalmadenaasesores.es\/index.php?rest_route=\/wp\/v2\/users\/1"}],"replies":[{"embeddable":true,"href":"https:\/\/benalmadenaasesores.es\/index.php?rest_route=%2Fwp%2Fv2%2Fcomments&post=85"}],"version-history":[{"count":3,"href":"https:\/\/benalmadenaasesores.es\/index.php?rest_route=\/wp\/v2\/pages\/85\/revisions"}],"predecessor-version":[{"id":136,"href":"https:\/\/benalmadenaasesores.es\/index.php?rest_route=\/wp\/v2\/pages\/85\/revisions\/136"}],"wp:attachment":[{"href":"https:\/\/benalmadenaasesores.es\/index.php?rest_route=%2Fwp%2Fv2%2Fmedia&parent=85"}],"curies":[{"name":"wp","href":"https:\/\/api.w.org\/{rel}","templated":true}]}}