{"id":87,"date":"2022-11-21T17:22:05","date_gmt":"2022-11-21T17:22:05","guid":{"rendered":"http:\/\/www.benalmadenaasesores.es\/?page_id=87"},"modified":"2022-11-24T10:52:46","modified_gmt":"2022-11-24T10:52:46","slug":"derecho-mercantil","status":"publish","type":"page","link":"https:\/\/benalmadenaasesores.es\/?page_id=87","title":{"rendered":"DERECHO MERCANTIL"},"content":{"rendered":"\n<p>Nuestro equipo de profesionales es experto en esta materia. Podemos dar a nuestros clientes muchas soluciones, asesor\u00e1ndolos en aquellos asuntos que no tengan claros o que tengan dudas. Podemos asesorar desde la escritura de constituci\u00f3n de la sociedad, haciendo los estatutos de la sociedad ajust\u00e1ndolo a lo que quieren los clientes siempre que no sean contrarios a las leyes y a las costumbres y que luego se inscribir\u00e1n en el Registro Mercantil.<\/p>\n\n\n\n<p>Los conflictos con los socios, nosotros podemos y es siempre nuestra intenci\u00f3n poder solventar todos los conflictos de manera extrajudicial y de forma amistosa, evitando por todos los medios, la v\u00eda judicial salvo que no tenga soluci\u00f3n y tengamos que acudir a esta materia.<\/p>\n\n\n\n<p>Asesoramos a nuestros clientes adem\u00e1s en materia de contratos mercantiles con sus clientes, proveedores, etc, llevando a cabo la confecci\u00f3n de dichos contratos o participando en ellos para que sepan nuestros clientes desde el momento de su firma cu\u00e1les son sus derechos y sus obligaciones.<\/p>\n\n\n<div class=\"wp-block-image\">\n<figure class=\"aligncenter size-full is-resized\"><img loading=\"lazy\" decoding=\"async\" src=\"http:\/\/www.benalmadenaasesores.es\/wp-content\/uploads\/2022\/11\/derecho-mercantil.jpg\" alt=\"\" class=\"wp-image-354\" width=\"498\" height=\"267\" srcset=\"https:\/\/benalmadenaasesores.es\/wp-content\/uploads\/2022\/11\/derecho-mercantil.jpg 1000w, https:\/\/benalmadenaasesores.es\/wp-content\/uploads\/2022\/11\/derecho-mercantil-300x161.jpg 300w, https:\/\/benalmadenaasesores.es\/wp-content\/uploads\/2022\/11\/derecho-mercantil-768x412.jpg 768w\" sizes=\"auto, (max-width: 498px) 100vw, 498px\" \/><\/figure>\n<\/div>\n\n\n<p>Puede pedir informaci\u00f3n desde aqu\u00ed indicando sus datos:.<\/p>\n\n\n\n<div class=\"wp-block-contact-form-7-contact-form-selector\"><div role=\"form\" class=\"wpcf7\" id=\"wpcf7-f106-o1\" lang=\"es-ES\" dir=\"ltr\">\n<div class=\"screen-reader-response\"><p role=\"status\" aria-live=\"polite\" aria-atomic=\"true\"><\/p> <ul><\/ul><\/div>\n<form action=\"\/index.php?rest_route=%2Fwp%2Fv2%2Fpages%2F87#wpcf7-f106-o1\" method=\"post\" class=\"wpcf7-form init\" novalidate=\"novalidate\" data-status=\"init\">\n<div style=\"display: none;\">\n<input type=\"hidden\" name=\"_wpcf7\" value=\"106\" \/>\n<input type=\"hidden\" name=\"_wpcf7_version\" value=\"5.6.4\" \/>\n<input type=\"hidden\" name=\"_wpcf7_locale\" value=\"es_ES\" \/>\n<input type=\"hidden\" name=\"_wpcf7_unit_tag\" value=\"wpcf7-f106-o1\" \/>\n<input type=\"hidden\" name=\"_wpcf7_container_post\" value=\"0\" \/>\n<input type=\"hidden\" name=\"_wpcf7_posted_data_hash\" value=\"\" \/>\n<\/div>\n<p><label> Nombre<br \/>\n    <span class=\"wpcf7-form-control-wrap\" data-name=\"your-name\"><input type=\"text\" name=\"your-name\" value=\"\" size=\"40\" class=\"wpcf7-form-control wpcf7-text wpcf7-validates-as-required\" aria-required=\"true\" aria-invalid=\"false\" \/><\/span> <\/label><br \/>\n<label> Direcci\u00f3n<br \/>\n   <span class=\"wpcf7-form-control-wrap\" data-name=\"direccion\"><input type=\"text\" name=\"direccion\" value=\"\" size=\"40\" class=\"wpcf7-form-control wpcf7-text wpcf7-validates-as-required\" aria-required=\"true\" aria-invalid=\"false\" \/><\/span> <\/label><br \/>\n<label> Tu correo electr\u00f3nico<br \/>\n    <span class=\"wpcf7-form-control-wrap\" data-name=\"your-email\"><input type=\"email\" name=\"your-email\" value=\"\" size=\"40\" class=\"wpcf7-form-control wpcf7-text wpcf7-email wpcf7-validates-as-required wpcf7-validates-as-email\" aria-required=\"true\" aria-invalid=\"false\" \/><\/span> <\/label><br \/>\n<label> Qu\u00e9 consulta quiere realizar:<br \/>\n    <span class=\"wpcf7-form-control-wrap\" data-name=\"your-message\"><textarea name=\"your-message\" cols=\"40\" rows=\"10\" class=\"wpcf7-form-control wpcf7-textarea\" aria-invalid=\"false\"><\/textarea><\/span> <\/label><br \/>\n<input type=\"submit\" value=\"Enviar\" class=\"wpcf7-form-control has-spinner wpcf7-submit\" \/><\/p>\n<div class=\"wpcf7-response-output\" aria-hidden=\"true\"><\/div><\/form><\/div><\/div>\n","protected":false},"excerpt":{"rendered":"<p>Nuestro equipo de profesionales es experto en esta materia. Podemos dar a nuestros clientes muchas soluciones, asesor\u00e1ndolos en aquellos asuntos que no tengan claros o que tengan dudas. Podemos asesorar desde la escritura de constituci\u00f3n de la sociedad, haciendo los estatutos de la sociedad ajust\u00e1ndolo a lo que quieren los clientes siempre que no sean [&hellip;]<\/p>\n","protected":false},"author":1,"featured_media":0,"parent":0,"menu_order":0,"comment_status":"closed","ping_status":"closed","template":"","meta":{"hide_page_title":"","_coblocks_attr":"","_coblocks_dimensions":"","_coblocks_responsive_height":"","_coblocks_accordion_ie_support":"","footnotes":""},"class_list":["post-87","page","type-page","status-publish","hentry"],"_links":{"self":[{"href":"https:\/\/benalmadenaasesores.es\/index.php?rest_route=\/wp\/v2\/pages\/87","targetHints":{"allow":["GET"]}}],"collection":[{"href":"https:\/\/benalmadenaasesores.es\/index.php?rest_route=\/wp\/v2\/pages"}],"about":[{"href":"https:\/\/benalmadenaasesores.es\/index.php?rest_route=\/wp\/v2\/types\/page"}],"author":[{"embeddable":true,"href":"https:\/\/benalmadenaasesores.es\/index.php?rest_route=\/wp\/v2\/users\/1"}],"replies":[{"embeddable":true,"href":"https:\/\/benalmadenaasesores.es\/index.php?rest_route=%2Fwp%2Fv2%2Fcomments&post=87"}],"version-history":[{"count":4,"href":"https:\/\/benalmadenaasesores.es\/index.php?rest_route=\/wp\/v2\/pages\/87\/revisions"}],"predecessor-version":[{"id":355,"href":"https:\/\/benalmadenaasesores.es\/index.php?rest_route=\/wp\/v2\/pages\/87\/revisions\/355"}],"wp:attachment":[{"href":"https:\/\/benalmadenaasesores.es\/index.php?rest_route=%2Fwp%2Fv2%2Fmedia&parent=87"}],"curies":[{"name":"wp","href":"https:\/\/api.w.org\/{rel}","templated":true}]}}